{"id":3168,"date":"2018-07-08T08:23:25","date_gmt":"2018-07-08T08:23:25","guid":{"rendered":"http:\/\/min-on.matthewbyrt.com\/?page_id=3168"},"modified":"2018-11-03T11:27:21","modified_gmt":"2018-11-03T11:27:21","slug":"marine-road-series","status":"publish","type":"page","link":"https:\/\/www.min-on.org\/es\/marine-road-series\/","title":{"rendered":"Ciclo de la Ruta Mar\u00edtima"},"content":{"rendered":"<p>[et_pb_section bb_built=\u00bb1&#8243; next_background_color=\u00bb#000000&#8243; _builder_version=\u00bb3.11&#8243; custom_padding=\u00bb||3% !important|\u00bb][et_pb_row _builder_version=\u00bb3.11&#8243; custom_padding=\u00bb0px|||\u00bb][et_pb_column type=\u00bb4_4&#8243;][et_pb_text _builder_version=\u00bb3.12&#8243;]<\/p>\n<h1 style=\"line-height: 36px;\">Ciclo de la Ruta Mar\u00edtima<\/h1>\n<p>[\/et_pb_text][\/et_pb_column][\/et_pb_row][et_pb_row _builder_version=\u00bb3.11&#8243; custom_padding=\u00bb||4%|\u00bb][et_pb_column type=\u00bb4_4&#8243;][et_pb_image _builder_version=\u00bb3.12&#8243; src=\u00bbhttps:\/\/www.min-on.org\/es\/wp-content\/uploads\/sites\/4\/2018\/08\/main-image-marine-road-series.jpg\u00bb force_fullwidth=\u00bbon\u00bb show_bottom_space=\u00bboff\u00bb \/][\/et_pb_column][\/et_pb_row][et_pb_row][et_pb_column type=\u00bb4_4&#8243;][et_pb_text _builder_version=\u00bb3.12&#8243;]<\/p>\n<p>As\u00ed como la hist\u00f3rica Ruta de la Seda fue la v\u00eda terrestre de intercambio comercial que uni\u00f3 a la China con el sudeste asi\u00e1tico, Asia occidental, Europa, \u00c1frica meridional y Asia central, paralelamente existi\u00f3 una Ruta de la Seda n\u00e1utica, m\u00e1s conocida como la \u00abRuta Mar\u00edtima\u00bb, que en tiempos remotos permiti\u00f3 el intercambio cultural y comercial entre Oriente y Occidente a trav\u00e9s de los mares. A decir verdad, la Ruta Mar\u00edtima se cre\u00f3 antes que la Ruta de la Seda terrestre, y se estima que es la ruta de navegaci\u00f3n mercantil m\u00e1s antigua del mundo. En su \u00e9poca, fue la principal arteria que conect\u00f3 los puertos del Mar del Sur de la China con los pa\u00edses del sudeste asi\u00e1tico, a trav\u00e9s del estrecho de Malaca entre la pen\u00ednsula malaya y el archipi\u00e9lago de Indonesia. Por este camino, permiti\u00f3 llegar hasta Sri Lanka y la India en el oc\u00e9ano \u00cdndico, como primera escala, y luego continuar por el golfo P\u00e9rsico y el mar Rojo hasta los pa\u00edses de \u00c1frica mediterr\u00e1nea y hasta el Imperio romano, en Europa.<\/p>\n<p>En 1984, Min-On inici\u00f3 un ciclo de conciertos de intercambio cultural titulados \u00abUn viaje musical por la Ruta Mar\u00edtima\u00bb, que uni\u00f3 en escenarios de todo el Jap\u00f3n a m\u00e1s de 200 m\u00fasicos e int\u00e9rpretes de ocho pa\u00edses del sudeste asi\u00e1tico. Cada puesta en escena fue un \u00e9xito resonante, por su forma de mostrar el desarrollo cultural y musical de los pa\u00edses en torno a la historia de la Ruta Mar\u00edtima de la Seda.<\/p>\n<p>[\/et_pb_text][\/et_pb_column][\/et_pb_row][\/et_pb_section][et_pb_section bb_built=\u00bb1&#8243; specialty=\u00bboff\u00bb prev_background_color=\u00bb#000000&#8243; _builder_version=\u00bb3.7&#8243; custom_padding=\u00bb0px|||\u00bb next_background_color=\u00bb#000000&#8243;][et_pb_row _builder_version=\u00bb3.7&#8243; custom_css_main_1=\u00bbcontent:%22%22;||    display:table;||    clear:both;\u00bb disabled_on=\u00bbon|on|on\u00bb disabled=\u00bbon\u00bb collapsed=\u00bbon\u00bb][et_pb_column type=\u00bb1_2&#8243;][et_pb_text _builder_version=\u00bb3.12&#8243; custom_css_main_element=\u00bbfloat: left;||width: 45%;\u00bb module_class=\u00bbclearfix\u00bb]<\/p>\n<p><img loading=\"lazy\" decoding=\"async\" style=\"width: 100%;\" src=\"https:\/\/www.min-on.org\/es\/wp-content\/uploads\/sites\/4\/2011\/09\/thumbnail-marine-road-series4.jpg\" alt=\"The Malaysia National Dance Group in 1986\" width=\"200\" height=\"132\" class=\"alignnone size-full wp-image-758\"><br \/>\nLa Compa\u00f1\u00eda Nacional de Danzas de Malasia, en 1986<\/p>\n<p>[\/et_pb_text][et_pb_text _builder_version=\u00bb3.12&#8243; custom_css_main_element=\u00bbfloat: right;||width: 45%;||\u00bb custom_css_after=\u00bb   content: %22 %22; \/* Older browser do not support empty content *\/||   visibility: hidden;||   display: block;||   height: 0;||   clear: both;||\u00bb]<\/p>\n<p><img loading=\"lazy\" decoding=\"async\" style=\"width: 100%;\" src=\"https:\/\/www.min-on.org\/es\/wp-content\/uploads\/sites\/4\/2011\/09\/thumbnail-marine-road-series2.jpg\" alt=\"The Ramon Obusan Folkloric Dance Troupe of the Philippines in 1990\" width=\"200\" height=\"132\" class=\"alignnone size-full wp-image-759\"><br \/>\nLa Compa\u00f1\u00eda de Danzas Folkl\u00f3ricas Ramon Obusan de las Filipinas, en 1990<\/p>\n<p>[\/et_pb_text][et_pb_code _builder_version=\u00bb3.7&#8243; custom_padding=\u00bb0px||0px|\u00bb custom_margin=\u00bb0px||0px|\u00bb]&lt;div style=&quot;clear: both;&quot;&gt;&lt;\/div&gt; &lt;!&#8211; Clear the float &#8211;&gt;[\/et_pb_code][et_pb_text _builder_version=\u00bb3.12&#8243; custom_css_main_element=\u00bbfloat: left;||width: 45%;\u00bb module_class=\u00bbclearfix\u00bb]<\/p>\n<p><img loading=\"lazy\" decoding=\"async\" style=\"width: 100%;\" src=\"https:\/\/www.min-on.org\/es\/wp-content\/uploads\/sites\/4\/2011\/09\/thumbnail-marine-road-series3.jpg\" alt=\"The Myanmar National Theater Dance Ensemble in 1992\u201d in 1991-2\" width=\"200\" height=\"132\" class=\"alignnone size-full wp-image-764\"><br \/>\nEl Ballet Nacional de Teatro y Danza de Myanmar, en 1992<\/p>\n<p>[\/et_pb_text][et_pb_code _builder_version=\u00bb3.7&#8243; custom_padding=\u00bb0px||0px|\u00bb custom_margin=\u00bb0px||0px|\u00bb]&lt;div style=&quot;clear: both;&quot;&gt;&lt;\/div&gt; &lt;!&#8211; Clear the float &#8211;&gt;[\/et_pb_code][\/et_pb_column][et_pb_column type=\u00bb1_2&#8243;][et_pb_text _builder_version=\u00bb3.12&#8243;]<\/p>\n<h2>Una serie de viajes musicales por la Ruta Mar\u00edtima<\/h2>\n<h4 style=\"padding-top: 4%;\">Primer espect\u00e1culo, 1984<\/h4>\n<p>Compa\u00f1\u00eda Nacional de Danzas de Tailandia<\/p>\n<hr style=\"border-top: solid 1px #dbc94d;\">\n<h4 style=\"padding-top: 1%;\">Segundo espect\u00e1culo, 1986<\/h4>\n<p>Compa\u00f1\u00eda Nacional de Danzas de Malasia<\/p>\n<hr style=\"border-top: solid 1px #dbc94d;\">\n<h4 style=\"padding-top: 1%;\">Tercer espect\u00e1culo, 1988<\/h4>\n<p>Grupo Sundan\u00e9s de Danzas de Indonesia<\/p>\n<hr style=\"border-top: solid 1px #dbc94d;\">\n<h4 style=\"padding-top: 1%;\">Cuarto espect\u00e1culo, 1990<\/h4>\n<p>Compa\u00f1\u00eda de Danzas Folkl\u00f3ricas Ramon Obusan de las Filipinas<\/p>\n<hr style=\"border-top: solid 1px #dbc94d;\">\n<h4 style=\"padding-top: 1%;\">Quinto espect\u00e1culo, 1992<\/h4>\n<p>Ballet Nacional de Teatro y Danza de Myanmar<\/p>\n<hr style=\"border-top: solid 1px #dbc94d;\">\n<h4 style=\"padding-top: 1%;\">Sexto espect\u00e1culo, 1994 <\/h4>\n<p>Ballet Nacional de Danzas Folkl\u00f3ricas de Brun\u00e9i<\/p>\n<hr style=\"border-top: solid 1px #dbc94d;\">\n<h4 style=\"padding-top: 1%;\">S\u00e9ptimo espect\u00e1culo, 1996<\/h4>\n<p>Ensamble Turista Phu Dong de Saig\u00f3n y el Ensamble Ca Hue de Vietnam<\/p>\n<hr style=\"border-top: solid 1px #dbc94d;\">\n<h4 style=\"padding-top: 1%;\">Octavo espect\u00e1culo, 1998<\/h4>\n<p>Compa\u00f1\u00eda Budawatta de Danzas de Sri Lanka<\/p>\n<p>[\/et_pb_text][\/et_pb_column][\/et_pb_row][et_pb_row _builder_version=\u00bb3.15&#8243; use_custom_gutter=\u00bbon\u00bb gutter_width=\u00bb2&#8243; make_equal=\u00bbon\u00bb module_class=\u00bbfloatRow\u00bb][et_pb_column type=\u00bb1_4&#8243;][et_pb_image _builder_version=\u00bb3.15&#8243; force_fullwidth=\u00bbon\u00bb show_bottom_space=\u00bboff\u00bb src=\u00bbhttps:\/\/www.min-on.org\/es\/wp-content\/uploads\/sites\/4\/2011\/09\/thumbnail-marine-road-series4.jpg\u00bb \/][et_pb_text _builder_version=\u00bb3.15&#8243;]<\/p>\n<p>La Compa\u00f1\u00eda Nacional de Danzas de Malasia, en 1986<\/p>\n<p>[\/et_pb_text][et_pb_image _builder_version=\u00bb3.15&#8243; force_fullwidth=\u00bbon\u00bb show_bottom_space=\u00bboff\u00bb src=\u00bbhttps:\/\/www.min-on.org\/es\/wp-content\/uploads\/sites\/4\/2011\/09\/thumbnail-marine-road-series3.jpg\u00bb \/][et_pb_text _builder_version=\u00bb3.15&#8243;]<\/p>\n<p>El Ballet Nacional de Teatro y Danza de Myanmar, en 1992<\/p>\n<p>[\/et_pb_text][\/et_pb_column][et_pb_column type=\u00bb1_4&#8243;][et_pb_image _builder_version=\u00bb3.15&#8243; force_fullwidth=\u00bbon\u00bb show_bottom_space=\u00bboff\u00bb src=\u00bbhttps:\/\/www.min-on.org\/es\/wp-content\/uploads\/sites\/4\/2011\/09\/thumbnail-marine-road-series2.jpg\u00bb \/][et_pb_text _builder_version=\u00bb3.15&#8243;]<\/p>\n<p>La Compa\u00f1\u00eda de Danzas Folkl\u00f3ricas Ramon Obusan de las Filipinas, en 1990<\/p>\n<p>[\/et_pb_text][\/et_pb_column][et_pb_column type=\u00bb1_2&#8243;][et_pb_text _builder_version=\u00bb3.12&#8243;]<\/p>\n<h2>Una serie de viajes musicales por la Ruta Mar\u00edtima<\/h2>\n<h4 style=\"padding-top: 4%;\">Primer espect\u00e1culo, 1984<\/h4>\n<p>Compa\u00f1\u00eda Nacional de Danzas de Tailandia<\/p>\n<hr style=\"border-top: solid 1px #dbc94d;\">\n<h4 style=\"padding-top: 1%;\">Segundo espect\u00e1culo, 1986<\/h4>\n<p>Compa\u00f1\u00eda Nacional de Danzas de Malasia<\/p>\n<hr style=\"border-top: solid 1px #dbc94d;\">\n<h4 style=\"padding-top: 1%;\">Tercer espect\u00e1culo, 1988<\/h4>\n<p>Grupo Sundan\u00e9s de Danzas de Indonesia<\/p>\n<hr style=\"border-top: solid 1px #dbc94d;\">\n<h4 style=\"padding-top: 1%;\">Cuarto espect\u00e1culo, 1990<\/h4>\n<p>Compa\u00f1\u00eda de Danzas Folkl\u00f3ricas Ramon Obusan de las Filipinas<\/p>\n<hr style=\"border-top: solid 1px #dbc94d;\">\n<h4 style=\"padding-top: 1%;\">Quinto espect\u00e1culo, 1992<\/h4>\n<p>Ballet Nacional de Teatro y Danza de Myanmar<\/p>\n<hr style=\"border-top: solid 1px #dbc94d;\">\n<h4 style=\"padding-top: 1%;\">Sexto espect\u00e1culo, 1994 <\/h4>\n<p>Ballet Nacional de Danzas Folkl\u00f3ricas de Brun\u00e9i<\/p>\n<hr style=\"border-top: solid 1px #dbc94d;\">\n<h4 style=\"padding-top: 1%;\">S\u00e9ptimo espect\u00e1culo, 1996<\/h4>\n<p>Ensamble Turista Phu Dong de Saig\u00f3n y el Ensamble Ca Hue de Vietnam<\/p>\n<hr style=\"border-top: solid 1px #dbc94d;\">\n<h4 style=\"padding-top: 1%;\">Octavo espect\u00e1culo, 1998<\/h4>\n<p>Compa\u00f1\u00eda Budawatta de Danzas de Sri Lanka<\/p>\n<p>[\/et_pb_text][\/et_pb_column][\/et_pb_row][\/et_pb_section][et_pb_section bb_built=\u00bb1&#8243; admin_label=\u00bbRelated Articles\u00bb specialty=\u00bboff\u00bb _builder_version=\u00bb3.15&#8243; custom_padding=\u00bb0px|||\u00bb disabled_on=\u00bbon|on|on\u00bb disabled=\u00bbon\u00bb prev_background_color=\u00bb#000000&#8243; collapsed=\u00bbon\u00bb][et_pb_row _builder_version=\u00bb3.11&#8243; custom_padding=\u00bb0px|||\u00bb][et_pb_column type=\u00bb4_4&#8243;][et_pb_text _builder_version=\u00bb3.12&#8243;]<\/p>\n<h1 style=\"line-height: 36px;\">Related Articles<\/h1>\n<p>[\/et_pb_text][\/et_pb_column][\/et_pb_row][et_pb_row _builder_version=\u00bb3.12&#8243; custom_padding=\u00bb|1.5%||1.5%\u00bb][et_pb_column type=\u00bb4_4&#8243;][et_pb_blog _builder_version=\u00bb3.15&#8243; posts_number=\u00bb3&#8243; fullwidth=\u00bboff\u00bb include_categories=\u00bb406&#8243; \/][\/et_pb_column][\/et_pb_row][\/et_pb_section]<\/p>\n","protected":false},"excerpt":{"rendered":"<p>Ciclo de la Ruta Mar\u00edtima <div class=\"et_pb_row et_pb_row_0 et_pb_row_empty\">\n\t\t\t\t\n\t\t\t\t\n\t\t\t\t\n\t\t\t\t\n\t\t\t\t\n\t\t\t<\/div> As\u00ed como la hist\u00f3rica Ruta de la Seda fue la v\u00eda terrestre de intercambio comercial que uni\u00f3 a la China con el sudeste asi\u00e1tico, Asia occidental, Europa, \u00c1frica meridional y Asia central, paralelamente existi\u00f3 una Ruta de la Seda n\u00e1utica, m\u00e1s conocida como la \u00abRuta Mar\u00edtima\u00bb, que en tiempos [&hellip;]<\/p>\n","protected":false},"author":1,"featured_media":0,"parent":0,"menu_order":0,"comment_status":"closed","ping_status":"closed","template":"","meta":{"_et_pb_use_builder":"on","_et_pb_old_content":"","_et_gb_content_width":"","footnotes":""},"categories":[],"tags":[],"distributor_meta":false,"distributor_terms":false,"distributor_media":false,"distributor_original_site_name":"Spanish - Min-On Website","distributor_original_site_url":"https:\/\/www.min-on.org\/es","_links":{"self":[{"href":"https:\/\/www.min-on.org\/es\/wp-json\/wp\/v2\/pages\/3168"}],"collection":[{"href":"https:\/\/www.min-on.org\/es\/wp-json\/wp\/v2\/pages"}],"about":[{"href":"https:\/\/www.min-on.org\/es\/wp-json\/wp\/v2\/types\/page"}],"author":[{"embeddable":true,"href":"https:\/\/www.min-on.org\/es\/wp-json\/wp\/v2\/users\/1"}],"replies":[{"embeddable":true,"href":"https:\/\/www.min-on.org\/es\/wp-json\/wp\/v2\/comments?post=3168"}],"version-history":[{"count":30,"href":"https:\/\/www.min-on.org\/es\/wp-json\/wp\/v2\/pages\/3168\/revisions"}],"predecessor-version":[{"id":7793,"href":"https:\/\/www.min-on.org\/es\/wp-json\/wp\/v2\/pages\/3168\/revisions\/7793"}],"wp:attachment":[{"href":"https:\/\/www.min-on.org\/es\/wp-json\/wp\/v2\/media?parent=3168"}],"wp:term":[{"taxonomy":"category","embeddable":true,"href":"https:\/\/www.min-on.org\/es\/wp-json\/wp\/v2\/categories?post=3168"},{"taxonomy":"post_tag","embeddable":true,"href":"https:\/\/www.min-on.org\/es\/wp-json\/wp\/v2\/tags?post=3168"}],"curies":[{"name":"wp","href":"https:\/\/api.w.org\/{rel}","templated":true}]}}