{"id":3148,"date":"2018-07-06T13:47:30","date_gmt":"2018-07-06T13:47:30","guid":{"rendered":"http:\/\/min-on.matthewbyrt.com\/?page_id=3148"},"modified":"2018-11-03T10:46:22","modified_gmt":"2018-11-03T10:46:22","slug":"silk-road-series","status":"publish","type":"page","link":"https:\/\/www.min-on.org\/es\/silk-road-series\/","title":{"rendered":"Ciclo de la Ruta de la Seda"},"content":{"rendered":"<p>[et_pb_section bb_built=\u00bb1&#8243; next_background_color=\u00bb#000000&#8243; _builder_version=\u00bb3.11&#8243; custom_padding=\u00bb||3% !important|\u00bb][et_pb_row _builder_version=\u00bb3.11&#8243; custom_padding=\u00bb0px|||\u00bb][et_pb_column type=\u00bb4_4&#8243;][et_pb_text _builder_version=\u00bb3.12&#8243;]<\/p>\n<h1 style=\"line-height: 36px;\">Ciclo de la Ruta de la Seda<\/h1>\n<p>[\/et_pb_text][\/et_pb_column][\/et_pb_row][et_pb_row _builder_version=\u00bb3.11&#8243; custom_padding=\u00bb||4%|\u00bb][et_pb_column type=\u00bb4_4&#8243;][et_pb_image _builder_version=\u00bb3.12&#8243; src=\u00bbhttps:\/\/www.min-on.org\/es\/wp-content\/uploads\/sites\/4\/2018\/08\/main-image-silk-road-series-1.jpg\u00bb force_fullwidth=\u00bbon\u00bb show_bottom_space=\u00bboff\u00bb \/][\/et_pb_column][\/et_pb_row][et_pb_row][et_pb_column type=\u00bb4_4&#8243;][et_pb_text _builder_version=\u00bb3.15&#8243; module_class=\u00bbtopExtraQuote\u00bb]<\/p>\n<h3 style=\"line-height: 26px;\">La cultura es una actividad humana primordial que supera las distancias y resuena en el coraz\u00f3n de los pueblos m\u00e1s dispares. Creo que esta empat\u00eda entre las almas humanas es el punto de partida del intercambio cultura, y es, tambi\u00e9n, el mism\u00edsimo fundamento de la cultura.<\/p>\n<p>Mientras que el poder militar amenaza a la humanidad e impone un control de \u00edndole externa, la cultura surge del interior de la mente humana como fuerza liberadora. <\/p>\n<p>En ninguna \u00e9poca de la historia hizo tanta falta contar con una \u00abruta espiritual de la seda\u00bb que surque el globo, trascienda las fronteras nacionales e ideol\u00f3gicas y una el coraz\u00f3n de los pueblos en el nivel m\u00e1s fundamental.<\/p>\n<p>El intercambio cultural acerca a los pueblos en todo el orbe; puede ser como una cuerda de la\u00fad que estremece vibraciones de armon\u00eda en el coraz\u00f3n de todos. Pero esta armon\u00eda no puede existir sin un reconocimiento serio y rec\u00edproco de la igualdad.<\/h3>\n<p> &#8211; <span style=\"font-size: 17px; font-weight: 700;\">Daisaki Ikeda<\/span><br \/>\n<span class=\"perspectiveQuote\">Adaptado de IKEDA, Daisaku: \u00abUna nueva ruta hacia el intercambio cultural entre Oriente y Occidente\u00bb, en El nuevo humanismo, trad. Paula Tizzano, M\u00e9xico: Fondo de Cultura Econ\u00f3mica, 1999, p\u00e1gs. 99-104.<\/span><\/p>\n<p>[\/et_pb_text][et_pb_text _builder_version=\u00bb3.15&#8243;]<\/p>\n<p>El texto citado pertenece a una conferencia del fundador de Min-On, Daisaku Ikeda, titulada \u00abUna nueva ruta de intercambio cultural entre Oriente y Occidente\u00bb, pronunciada en la Universidad Estatal de Mosc\u00fa en mayo de 1975. <\/p>\n<p>Dos a\u00f1os despu\u00e9s, en 1977, en el marco de una serie de iniciativas para implementar esa \u00abruta de la seda\u00bb espiritual mencionada en el discurso, Min-On envi\u00f3 a su Equipo de Investigaci\u00f3n sobre el Folklore Musical en la Ruta de la Seda, cuyos miembros efectuaron estudios integrales sobre el baile y las expresiones musicales en las culturas de Asia oriental y central emplazadas a lo largo de ese camino. El resultado de estas investigaciones fue un ciclo de conciertos titulado \u00abUna traves\u00eda musical por la Ruta de la Seda\u00bb. Para el primer concierto de este ciclo, Min-On uni\u00f3 en el escenario a m\u00fasicos y artistas de Mongolia, la ex URSS, Afganist\u00e1n, Pakist\u00e1n, la India y Nepal, quienes ofrecieron interpretaciones colectivas. Desde entonces, el p\u00fablico ha disfrutado de once espect\u00e1culos distintos, con brillantes actuaciones representativas del intercambio cultural entre Oriente y Occidente, que trascienden las fronteras \u00e9tnicas, idiom\u00e1ticas y nacionales. Hasta la fecha, el ciclo ha llevado al Jap\u00f3n a m\u00e1s de 400 m\u00fasicos y bailarines de 23 pa\u00edses situados en la Ruta de la Seda, que adem\u00e1s de estrechar lazos y colaborar en un clima de amistad y de armon\u00eda, brillaron en salas de concierto de todo el Jap\u00f3n.<\/p>\n<p>[\/et_pb_text][\/et_pb_column][\/et_pb_row][\/et_pb_section][et_pb_section bb_built=\u00bb1&#8243; specialty=\u00bboff\u00bb prev_background_color=\u00bb#000000&#8243; _builder_version=\u00bb3.7&#8243; custom_padding=\u00bb0px|||\u00bb next_background_color=\u00bb#000000&#8243;][et_pb_row _builder_version=\u00bb3.7&#8243; custom_css_main_1=\u00bbcontent:%22%22;||    display:table;||    clear:both;\u00bb disabled_on=\u00bbon|on|on\u00bb disabled=\u00bbon\u00bb collapsed=\u00bbon\u00bb][et_pb_column type=\u00bb1_2&#8243;][et_pb_text _builder_version=\u00bb3.12&#8243; custom_css_main_element=\u00bbfloat: left;||width: 45%;\u00bb module_class=\u00bbclearfix\u00bb]<\/p>\n<p><img loading=\"lazy\" decoding=\"async\" style=\"width: 100%;\" src=\"https:\/\/www.min-on.org\/es\/wp-content\/uploads\/sites\/4\/2011\/09\/thumbnail-steppe-and-oasis-road-from-afar.jpg\" alt=\"Steppe and Oasis Road from Afar\" width=\"200\" height=\"132\" class=\"alignnone size-full wp-image-758\"><br \/>\nQuinto espect\u00e1culo: \u00abLas estepas y la ruta de los oasis remotos\u00bb, en 1987<\/p>\n<p>[\/et_pb_text][et_pb_text _builder_version=\u00bb3.12&#8243; custom_css_main_element=\u00bbfloat: right;||width: 45%;||\u00bb custom_css_after=\u00bb   content: %22 %22; \/* Older browser do not support empty content *\/||   visibility: hidden;||   display: block;||   height: 0;||   clear: both;||\u00bb]<\/p>\n<p><img loading=\"lazy\" decoding=\"async\" style=\"width: 100%;\" src=\"https:\/\/www.min-on.org\/es\/wp-content\/uploads\/sites\/4\/2011\/09\/thumbnail-mediterranean.jpg\" alt=\"A Long Way of Music to the Mediterranean Sea\" width=\"200\" height=\"132\" class=\"alignnone size-full wp-image-759\"><br \/>\nS\u00e9ptimo espect\u00e1culo: \u00abUna extensa ruta musical hasta el mar Mediterr\u00e1neo\u00bb, en 1991<\/p>\n<p>[\/et_pb_text][et_pb_code _builder_version=\u00bb3.7&#8243; custom_padding=\u00bb0px||0px|\u00bb custom_margin=\u00bb0px||0px|\u00bb]&lt;div style=&quot;clear: both;&quot;&gt;&lt;\/div&gt; &lt;!&#8211; Clear the float &#8211;&gt;[\/et_pb_code][et_pb_text _builder_version=\u00bb3.12&#8243; custom_css_main_element=\u00bbfloat: left;||width: 45%;\u00bb module_class=\u00bbclearfix\u00bb]<\/p>\n<p><img loading=\"lazy\" decoding=\"async\" style=\"width: 100%;\" src=\"https:\/\/www.min-on.org\/es\/wp-content\/uploads\/sites\/4\/2011\/09\/thumbnail-silk-road_2.jpg\" alt=\"7th Installment \u201cA Long Way of Music to the Mediterranean Sea\u201d in 1991-2\" width=\"200\" height=\"132\" class=\"alignnone size-full wp-image-764\"><br \/>\nS\u00e9ptimo espect\u00e1culo: \u00abUna extensa ruta musical hasta el mar Mediterr\u00e1neo\u00bb, en 1991<\/p>\n<p>[\/et_pb_text][et_pb_text _builder_version=\u00bb3.12&#8243; custom_css_main_element=\u00bbfloat: right;||width: 45%;\u00bb]<\/p>\n<p><img loading=\"lazy\" decoding=\"async\" style=\"width: 100%;\" src=\"https:\/\/www.min-on.org\/es\/wp-content\/uploads\/sites\/4\/2011\/09\/thumbnail-roads-of-distant-heroes.jpg\" alt=\"9th Installment \u201cRoads of Distant Heroes\u201d in 1995\" width=\"200\" height=\"132\" class=\"alignnone size-full wp-image-761\"><br \/>\nNoveno espect\u00e1culo: \u00abTras las huellas de h\u00e9roes lejanos\u00bb, en 1995<\/p>\n<p>[\/et_pb_text][et_pb_code _builder_version=\u00bb3.7&#8243; custom_padding=\u00bb0px||0px|\u00bb custom_margin=\u00bb0px||0px|\u00bb]&lt;div style=&quot;clear: both;&quot;&gt;&lt;\/div&gt; &lt;!&#8211; Clear the float &#8211;&gt;[\/et_pb_code][et_pb_text _builder_version=\u00bb3.12&#8243; custom_css_main_element=\u00bbfloat: left;||width: 45%;\u00bb module_class=\u00bbclearfix\u00bb]<\/p>\n<p><img loading=\"lazy\" decoding=\"async\" style=\"width: 100%;\" src=\"https:\/\/www.min-on.org\/es\/wp-content\/uploads\/sites\/4\/2011\/09\/thumbnail-epic-ballad-afar.jpg\" alt=\"Korean Performance in 8th Installment in 1993\" width=\"200\" height=\"132\" class=\"alignnone size-full wp-image-762\"><br \/>\nInt\u00e9rpretes coreanos en el octavo espect\u00e1culo, en 1993<\/p>\n<p>[\/et_pb_text][et_pb_code _builder_version=\u00bb3.7&#8243; custom_padding=\u00bb0px||0px|\u00bb custom_margin=\u00bb0px||0px|\u00bb]&lt;div style=&quot;clear: both;&quot;&gt;&lt;\/div&gt; &lt;!&#8211; Clear the float &#8211;&gt;[\/et_pb_code][\/et_pb_column][et_pb_column type=\u00bb1_2&#8243;][et_pb_text _builder_version=\u00bb3.12&#8243;]<\/p>\n<h2>\u00abUna traves\u00eda musical a lo largo de la Ruta de la Seda\u00bb<\/h2>\n<h4 style=\"padding-top: 4%;\">Primer espect\u00e1culo: \u00abVoces de tierras remotas\u00bb, Julio de 1979<\/h4>\n<p>Artistas de Mongolia, ex URSS, Afganist\u00e1n, Pakist\u00e1n, India y Nepal<\/p>\n<hr style=\"border-top: solid 1px #dbc94d;\">\n<h4 style=\"padding-top: 1%;\">Segundo espect\u00e1culo: \u00abUn feliz encuentro instrumental\u00bb, Julio de 1981<br \/>\n<\/h4>\n<p>Artistas de Irak, la China, Pakist\u00e1n y Rumania<\/p>\n<hr style=\"border-top: solid 1px #dbc94d;\">\n<h4 style=\"padding-top: 1%;\">Tercer espect\u00e1culo: \u00abLa ruta migratoria de la danza circular\u00bb, Julio de 1983<\/h4>\n<p>Artistas de la India, la China y Turqu\u00eda<\/p>\n<hr style=\"border-top: solid 1px #dbc94d;\">\n<h4 style=\"padding-top: 1%;\">Cuarto espect\u00e1culo: \u00abUna lejana ruta hacia la paz\u00bb, Julio de 1985<\/h4>\n<p>Artistas de Uzbekist\u00e1n, la China y Turqu\u00eda<\/p>\n<hr style=\"border-top: solid 1px #dbc94d;\">\n<h4 style=\"padding-top: 1%;\">Quinto espect\u00e1culo: \u00abLas estepas y la ruta de los oasis remotos\u00bb, Julio de 1987<\/h4>\n<p>Artistas de Tayikist\u00e1n, Mongolia y la China<\/p>\n<hr style=\"border-top: solid 1px #dbc94d;\">\n<h4 style=\"padding-top: 1%;\">Sexto espect\u00e1culo: \u00abLa larga ruta musical de las caravanas\u00bb, Marzo de 1989<\/h4>\n<p>Artistas de Ir\u00e1n, Azerbaiy\u00e1n y la China<\/p>\n<hr style=\"border-top: solid 1px #dbc94d;\">\n<h4 style=\"padding-top: 1%;\">S\u00e9ptimo espect\u00e1culo: \u00abUna extensa ruta musical hasta el mar Mediterr\u00e1neo\u00bb, Mayo de 1991<\/h4>\n<p>Artistas de Kazajist\u00e1n, Grecia y Egipto<\/p>\n<hr style=\"border-top: solid 1px #dbc94d;\">\n<h4 style=\"padding-top: 1%;\">Octavo espect\u00e1culo: \u00abBaladas \u00e9picas de tierras lejanas\u00bb, Marzo de 1993<\/h4>\n<p>Artistas de Corea del Sur, Turkmenist\u00e1n (Ensamble Musical Jamal), Nepal (Compa\u00f1\u00eda Folkl\u00f3rica de Nepal) y la China (Compa\u00f1\u00eda de Baile y Canto de Mongolia Interior)<\/p>\n<hr style=\"border-top: solid 1px #dbc94d;\">\n<h4 style=\"padding-top: 1%;\">Noveno espect\u00e1culo: \u00abTras las huellas de h\u00e9roes lejanos\u00bb<\/h4>\n<p>Artistas de Siria, Kirguizist\u00e1n (Ensamble Folkl\u00f3rico Kambarkan) y Pakist\u00e1n (Ballet Folkl\u00f3rico Nacional)<\/p>\n<hr style=\"border-top: solid 1px #dbc94d;\">\n<h4 style=\"padding-top: 1%;\">D\u00e9cimo espect\u00e1culo: \u00abUn trayecto hacia el futuro remoto\u00bb, Mayo de 1997<\/h4>\n<p>Artistas de Uzbekist\u00e1n (Ballet Folkl\u00f3rico de Uzbekist\u00e1n), la China (Ensamble Art\u00edstico Xingjiang Mukam) y Turqu\u00eda (Ballet Tradicional Art\u00edstico y Cultural de Turqu\u00eda)<\/p>\n<hr style=\"border-top: solid 1px #dbc94d;\">\n<h4 style=\"padding-top: 1%;\">Und\u00e9cimo espect\u00e1culo: Mayo de 2009<\/h4>\n<p>Artistas de Egipto, Grecia y Uzbekist\u00e1n<\/p>\n<p>[\/et_pb_text][\/et_pb_column][\/et_pb_row][et_pb_row _builder_version=\u00bb3.15&#8243; use_custom_gutter=\u00bbon\u00bb gutter_width=\u00bb2&#8243; make_equal=\u00bbon\u00bb module_class=\u00bbfloatRow\u00bb][et_pb_column type=\u00bb1_4&#8243;][et_pb_image _builder_version=\u00bb3.15&#8243; force_fullwidth=\u00bbon\u00bb show_bottom_space=\u00bboff\u00bb src=\u00bbhttps:\/\/www.min-on.org\/es\/wp-content\/uploads\/sites\/4\/2011\/09\/thumbnail-steppe-and-oasis-road-from-afar.jpg\u00bb \/][et_pb_text _builder_version=\u00bb3.15&#8243;]<\/p>\n<p>Quinto espect\u00e1culo: \u00abLas estepas y la ruta de los oasis remotos\u00bb, en 1987<\/p>\n<p>[\/et_pb_text][et_pb_image _builder_version=\u00bb3.15&#8243; force_fullwidth=\u00bbon\u00bb show_bottom_space=\u00bboff\u00bb src=\u00bbhttps:\/\/www.min-on.org\/es\/wp-content\/uploads\/sites\/4\/2011\/09\/thumbnail-silk-road_2.jpg\u00bb \/][et_pb_text _builder_version=\u00bb3.15&#8243;]<\/p>\n<p>S\u00e9ptimo espect\u00e1culo: \u00abUna extensa ruta musical hasta el mar Mediterr\u00e1neo\u00bb, en 1991<\/p>\n<p>[\/et_pb_text][et_pb_image _builder_version=\u00bb3.15&#8243; force_fullwidth=\u00bbon\u00bb show_bottom_space=\u00bboff\u00bb src=\u00bbhttps:\/\/www.min-on.org\/es\/wp-content\/uploads\/sites\/4\/2011\/09\/thumbnail-epic-ballad-afar.jpg\u00bb \/][et_pb_text _builder_version=\u00bb3.15&#8243;]<\/p>\n<p>Int\u00e9rpretes coreanos en el octavo espect\u00e1culo, en 1993<\/p>\n<p>[\/et_pb_text][\/et_pb_column][et_pb_column type=\u00bb1_4&#8243;][et_pb_image _builder_version=\u00bb3.15&#8243; force_fullwidth=\u00bbon\u00bb show_bottom_space=\u00bboff\u00bb src=\u00bbhttps:\/\/www.min-on.org\/es\/wp-content\/uploads\/sites\/4\/2011\/09\/thumbnail-mediterranean.jpg\u00bb \/][et_pb_text _builder_version=\u00bb3.15&#8243;]<\/p>\n<p>S\u00e9ptimo espect\u00e1culo: \u00abUna extensa ruta musical hasta el mar Mediterr\u00e1neo\u00bb, en 1991<\/p>\n<p>[\/et_pb_text][et_pb_image _builder_version=\u00bb3.15&#8243; force_fullwidth=\u00bbon\u00bb show_bottom_space=\u00bboff\u00bb src=\u00bbhttps:\/\/www.min-on.org\/es\/wp-content\/uploads\/sites\/4\/2011\/09\/thumbnail-roads-of-distant-heroes.jpg\u00bb \/][et_pb_text _builder_version=\u00bb3.15&#8243;]<\/p>\n<p>Noveno espect\u00e1culo: \u00abTras las huellas de h\u00e9roes lejanos\u00bb, en 1995<\/p>\n<p>[\/et_pb_text][\/et_pb_column][et_pb_column type=\u00bb1_2&#8243;][et_pb_text _builder_version=\u00bb3.12&#8243;]<\/p>\n<h2>\u00abUna traves\u00eda musical a lo largo de la Ruta de la Seda\u00bb<\/h2>\n<h4 style=\"padding-top: 4%;\">Primer espect\u00e1culo: \u00abVoces de tierras remotas\u00bb, Julio de 1979<\/h4>\n<p>Artistas de Mongolia, ex URSS, Afganist\u00e1n, Pakist\u00e1n, India y Nepal<\/p>\n<hr style=\"border-top: solid 1px #dbc94d;\">\n<h4 style=\"padding-top: 1%;\">Segundo espect\u00e1culo: \u00abUn feliz encuentro instrumental\u00bb, Julio de 1981<br \/>\n<\/h4>\n<p>Artistas de Irak, la China, Pakist\u00e1n y Rumania<\/p>\n<hr style=\"border-top: solid 1px #dbc94d;\">\n<h4 style=\"padding-top: 1%;\">Tercer espect\u00e1culo: \u00abLa ruta migratoria de la danza circular\u00bb, Julio de 1983<\/h4>\n<p>Artistas de la India, la China y Turqu\u00eda<\/p>\n<hr style=\"border-top: solid 1px #dbc94d;\">\n<h4 style=\"padding-top: 1%;\">Cuarto espect\u00e1culo: \u00abUna lejana ruta hacia la paz\u00bb, Julio de 1985<\/h4>\n<p>Artistas de Uzbekist\u00e1n, la China y Turqu\u00eda<\/p>\n<hr style=\"border-top: solid 1px #dbc94d;\">\n<h4 style=\"padding-top: 1%;\">Quinto espect\u00e1culo: \u00abLas estepas y la ruta de los oasis remotos\u00bb, Julio de 1987<\/h4>\n<p>Artistas de Tayikist\u00e1n, Mongolia y la China<\/p>\n<hr style=\"border-top: solid 1px #dbc94d;\">\n<h4 style=\"padding-top: 1%;\">Sexto espect\u00e1culo: \u00abLa larga ruta musical de las caravanas\u00bb, Marzo de 1989<\/h4>\n<p>Artistas de Ir\u00e1n, Azerbaiy\u00e1n y la China<\/p>\n<hr style=\"border-top: solid 1px #dbc94d;\">\n<h4 style=\"padding-top: 1%;\">S\u00e9ptimo espect\u00e1culo: \u00abUna extensa ruta musical hasta el mar Mediterr\u00e1neo\u00bb, Mayo de 1991<\/h4>\n<p>Artistas de Kazajist\u00e1n, Grecia y Egipto<\/p>\n<hr style=\"border-top: solid 1px #dbc94d;\">\n<h4 style=\"padding-top: 1%;\">Octavo espect\u00e1culo: \u00abBaladas \u00e9picas de tierras lejanas\u00bb, Marzo de 1993<\/h4>\n<p>Artistas de Corea del Sur, Turkmenist\u00e1n (Ensamble Musical Jamal), Nepal (Compa\u00f1\u00eda Folkl\u00f3rica de Nepal) y la China (Compa\u00f1\u00eda de Baile y Canto de Mongolia Interior)<\/p>\n<hr style=\"border-top: solid 1px #dbc94d;\">\n<h4 style=\"padding-top: 1%;\">Noveno espect\u00e1culo: \u00abTras las huellas de h\u00e9roes lejanos\u00bb<\/h4>\n<p>Artistas de Siria, Kirguizist\u00e1n (Ensamble Folkl\u00f3rico Kambarkan) y Pakist\u00e1n (Ballet Folkl\u00f3rico Nacional)<\/p>\n<hr style=\"border-top: solid 1px #dbc94d;\">\n<h4 style=\"padding-top: 1%;\">D\u00e9cimo espect\u00e1culo: \u00abUn trayecto hacia el futuro remoto\u00bb, Mayo de 1997<\/h4>\n<p>Artistas de Uzbekist\u00e1n (Ballet Folkl\u00f3rico de Uzbekist\u00e1n), la China (Ensamble Art\u00edstico Xingjiang Mukam) y Turqu\u00eda (Ballet Tradicional Art\u00edstico y Cultural de Turqu\u00eda)<\/p>\n<hr style=\"border-top: solid 1px #dbc94d;\">\n<h4 style=\"padding-top: 1%;\">Und\u00e9cimo espect\u00e1culo: Mayo de 2009<\/h4>\n<p>Artistas de Egipto, Grecia y Uzbekist\u00e1n<\/p>\n<p>[\/et_pb_text][\/et_pb_column][\/et_pb_row][\/et_pb_section][et_pb_section bb_built=\u00bb1&#8243; admin_label=\u00bbRelated Articles\u00bb specialty=\u00bboff\u00bb _builder_version=\u00bb3.15&#8243; custom_padding=\u00bb0px|||\u00bb disabled_on=\u00bbon|on|on\u00bb disabled=\u00bbon\u00bb prev_background_color=\u00bb#000000&#8243; collapsed=\u00bbon\u00bb][et_pb_row _builder_version=\u00bb3.11&#8243; custom_padding=\u00bb0px|||\u00bb][et_pb_column type=\u00bb4_4&#8243;][et_pb_text _builder_version=\u00bb3.12&#8243;]<\/p>\n<h1 style=\"line-height: 36px;\">Related Articles<\/h1>\n<p>[\/et_pb_text][\/et_pb_column][\/et_pb_row][et_pb_row _builder_version=\u00bb3.12&#8243; custom_padding=\u00bb|1.5%||1.5%\u00bb][et_pb_column type=\u00bb4_4&#8243;][et_pb_blog _builder_version=\u00bb3.15&#8243; posts_number=\u00bb3&#8243; fullwidth=\u00bboff\u00bb include_categories=\u00bb409&#8243; \/][\/et_pb_column][\/et_pb_row][\/et_pb_section]<\/p>\n","protected":false},"excerpt":{"rendered":"<p>Ciclo de la Ruta de la Seda <div class=\"et_pb_row et_pb_row_0 et_pb_row_empty\">\n\t\t\t\t\n\t\t\t\t\n\t\t\t\t\n\t\t\t\t\n\t\t\t\t\n\t\t\t<\/div> La cultura es una actividad humana primordial que supera las distancias y resuena en el coraz\u00f3n de los pueblos m\u00e1s dispares. Creo que esta empat\u00eda entre las almas humanas es el punto de partida del intercambio cultura, y es, tambi\u00e9n, el mism\u00edsimo fundamento de la cultura. Mientras [&hellip;]<\/p>\n","protected":false},"author":1,"featured_media":0,"parent":0,"menu_order":0,"comment_status":"closed","ping_status":"closed","template":"","meta":{"_et_pb_use_builder":"on","_et_pb_old_content":"","_et_gb_content_width":"","footnotes":""},"categories":[],"tags":[],"distributor_meta":false,"distributor_terms":false,"distributor_media":false,"distributor_original_site_name":"Spanish - Min-On Website","distributor_original_site_url":"https:\/\/www.min-on.org\/es","_links":{"self":[{"href":"https:\/\/www.min-on.org\/es\/wp-json\/wp\/v2\/pages\/3148"}],"collection":[{"href":"https:\/\/www.min-on.org\/es\/wp-json\/wp\/v2\/pages"}],"about":[{"href":"https:\/\/www.min-on.org\/es\/wp-json\/wp\/v2\/types\/page"}],"author":[{"embeddable":true,"href":"https:\/\/www.min-on.org\/es\/wp-json\/wp\/v2\/users\/1"}],"replies":[{"embeddable":true,"href":"https:\/\/www.min-on.org\/es\/wp-json\/wp\/v2\/comments?post=3148"}],"version-history":[{"count":27,"href":"https:\/\/www.min-on.org\/es\/wp-json\/wp\/v2\/pages\/3148\/revisions"}],"predecessor-version":[{"id":7788,"href":"https:\/\/www.min-on.org\/es\/wp-json\/wp\/v2\/pages\/3148\/revisions\/7788"}],"wp:attachment":[{"href":"https:\/\/www.min-on.org\/es\/wp-json\/wp\/v2\/media?parent=3148"}],"wp:term":[{"taxonomy":"category","embeddable":true,"href":"https:\/\/www.min-on.org\/es\/wp-json\/wp\/v2\/categories?post=3148"},{"taxonomy":"post_tag","embeddable":true,"href":"https:\/\/www.min-on.org\/es\/wp-json\/wp\/v2\/tags?post=3148"}],"curies":[{"name":"wp","href":"https:\/\/api.w.org\/{rel}","templated":true}]}}