{"id":2713,"date":"2018-06-25T16:29:56","date_gmt":"2018-06-25T16:29:56","guid":{"rendered":"http:\/\/min-on.matthewbyrt.com\/?page_id=2713"},"modified":"2018-11-03T09:32:28","modified_gmt":"2018-11-03T09:32:28","slug":"japanese-arts","status":"publish","type":"page","link":"https:\/\/www.min-on.org\/es\/japanese-arts\/","title":{"rendered":"Ciclo de Artes Japonesas"},"content":{"rendered":"<p>[et_pb_section bb_built=\u00bb1&#8243; next_background_color=\u00bb#000000&#8243; _builder_version=\u00bb3.7&#8243; custom_padding=\u00bb||0px|\u00bb][et_pb_row _builder_version=\u00bb3.11&#8243; custom_padding=\u00bb0px|||\u00bb][et_pb_column type=\u00bb4_4&#8243;][et_pb_text _builder_version=\u00bb3.12&#8243;]<\/p>\n<h1>Ciclo de Artes Japonesas<\/h1>\n<p>[\/et_pb_text][\/et_pb_column][\/et_pb_row][et_pb_row _builder_version=\u00bb3.9&#8243;][et_pb_column type=\u00bb4_4&#8243;][et_pb_image _builder_version=\u00bb3.12&#8243; src=\u00bbhttps:\/\/www.min-on.org\/es\/wp-content\/uploads\/sites\/4\/2018\/06\/main-image-japanese-arts.jpg\u00bb force_fullwidth=\u00bbon\u00bb show_bottom_space=\u00bboff\u00bb \/][\/et_pb_column][\/et_pb_row][et_pb_row _builder_version=\u00bb3.12&#8243;][et_pb_column type=\u00bb4_4&#8243;][et_pb_text _builder_version=\u00bb3.15&#8243;]<\/p>\n<h2 style=\"line-height: 36px;\">\u00abCreo que la cultura japonesa es una de las pocas del mundo que a\u00fan conserva su propia entidad.  Sus expresiones son muy tradicionales y espec\u00edficas, y perviven intactas, sin haberse americanizado todav\u00eda\u00bb. <span style=\"font-size: 16px; font-weight: 700;\">\u2014 Toni Collette<\/span><\/h2>\n<p>Adem\u00e1s de patrocinar intercambios culturales con m\u00fasicos y artistas invitados de todas partes del mundo, Min-On ha auspiciado un amplio programa de espect\u00e1culos de artes tradicionales japonesas, como el minyou (m\u00fasica folkl\u00f3rica nativa) y el nichibu (danza tradicional), as\u00ed como tambi\u00e9n conciertos de instrumentos tradicionales aut\u00f3ctonos, como el tambor taiko, el instrumento de cuerdas shamisen, el arpa japonesa koto y la flauta de bamb\u00fa shakuhachi. Asimismo, la asociaci\u00f3n ha desarrollado una amplia red para promover expresiones musicales y teatrales de gran diversidad que representan la singularidad de la cultura japonesa y atraen a un vasto p\u00fablico de todos los sectores.; desde el kabuki hasta los musicales de la compa\u00f1\u00eda Takarazuka; desde el popular g\u00e9nero kayo-kyoku hasta el pop moderno japon\u00e9s; desde los tradicionales mon\u00f3logos del rakugo hasta los modernos variet\u00e9s de comedia owarai.<\/p>\n<p>[\/et_pb_text][\/et_pb_column][\/et_pb_row][\/et_pb_section][et_pb_section bb_built=\u00bb1&#8243; specialty=\u00bboff\u00bb prev_background_color=\u00bb#000000&#8243; _builder_version=\u00bb3.7&#8243; custom_padding=\u00bb0px|||\u00bb][et_pb_row disabled_on=\u00bbon|on|on\u00bb disabled=\u00bbon\u00bb background_position=\u00bbtop_left\u00bb background_repeat=\u00bbrepeat\u00bb background_size=\u00bbinitial\u00bb collapsed=\u00bbon\u00bb][et_pb_column type=\u00bb1_2&#8243;][et_pb_text _builder_version=\u00bb3.12&#8243;]<\/p>\n<p>Adem\u00e1s de patrocinar intercambios culturales con m\u00fasicos y artistas invitados de todas partes del mundo, Min-On ha auspiciado un amplio programa de espect\u00e1culos de artes tradicionales japonesas, como el minyou (m\u00fasica folkl\u00f3rica nativa) y el nichibu (danza tradicional), as\u00ed como tambi\u00e9n conciertos de instrumentos tradicionales aut\u00f3ctonos, como el tambor taiko, el instrumento de cuerdas shamisen, el arpa japonesa koto y la flauta de bamb\u00fa shakuhachi. Asimismo, la asociaci\u00f3n ha desarrollado una amplia red para promover expresiones musicales y teatrales de gran diversidad que representan la singularidad de la cultura japonesa y atraen a un vasto p\u00fablico de todos los sectores.; desde el kabuki hasta los musicales de la compa\u00f1\u00eda Takarazuka; desde el popular g\u00e9nero kayo-kyoku hasta el pop moderno japon\u00e9s; desde los tradicionales mon\u00f3logos del rakugo hasta los modernos variet\u00e9s de comedia owarai.<\/p>\n<p>[\/et_pb_text][et_pb_image _builder_version=\u00bb3.15&#8243; src=\u00bbhttps:\/\/www.min-on.org\/es\/wp-content\/uploads\/sites\/4\/2011\/09\/thumbnail-japanese-arts_1.jpg\u00bb force_fullwidth=\u00bbon\u00bb show_bottom_space=\u00bboff\u00bb \/][et_pb_text _builder_version=\u00bb3.15&#8243;]<\/p>\n<p>Nagauta, m\u00fasica tradicional del Jap\u00f3n (1974)<\/p>\n<p>[\/et_pb_text][et_pb_image _builder_version=\u00bb3.15&#8243; src=\u00bbhttps:\/\/www.min-on.org\/es\/wp-content\/uploads\/sites\/4\/2011\/09\/thumbnail-japanese-arts_2.jpg\u00bb force_fullwidth=\u00bbon\u00bb show_bottom_space=\u00bboff\u00bb \/][et_pb_text _builder_version=\u00bb3.15&#8243;]<\/p>\n<p>El arte del Jap\u00f3n<\/p>\n<p>[\/et_pb_text][et_pb_image _builder_version=\u00bb3.15&#8243; src=\u00bbhttps:\/\/www.min-on.org\/es\/wp-content\/uploads\/sites\/4\/2011\/09\/thumbnail-japanese-arts_5.jpg\u00bb force_fullwidth=\u00bbon\u00bb show_bottom_space=\u00bboff\u00bb \/][et_pb_text _builder_version=\u00bb3.15&#8243;]<\/p>\n<p>Concierto de shamisen<\/p>\n<p>[\/et_pb_text][et_pb_image _builder_version=\u00bb3.15&#8243; src=\u00bbhttps:\/\/www.min-on.org\/es\/wp-content\/uploads\/sites\/4\/2011\/09\/thumbnail-japanese-arts_4.jpg\u00bb force_fullwidth=\u00bbon\u00bb show_bottom_space=\u00bboff\u00bb \/][et_pb_text _builder_version=\u00bb3.15&#8243;]<\/p>\n<p>El arte del Jap\u00f3n<\/p>\n<p>[\/et_pb_text][\/et_pb_column][et_pb_column type=\u00bb1_2&#8243;][et_pb_text _builder_version=\u00bb3.15&#8243;]<\/p>\n<h2>Ciclo Min-On de Artes Japonesas (selecci\u00f3n)<\/h2>\n<p style=\"padding-top: 1%;\"><span style=\"font-weight: 700;\">1970<\/span>&nbsp;&nbsp;&nbsp;Primer Festival de Minyou de la compa\u00f1\u00eda de artes folkl\u00f3ricas Minbunren (148 funciones)<\/p>\n<hr style=\"border-top: solid 1px #508ED5;\">\n<p style=\"padding-top: 1%;\"><span style=\"font-weight: 700;\">1972<\/span>&nbsp;&nbsp;&nbsp;Compa\u00f1\u00eda de Canto y Danza de Okinawa<\/p>\n<hr style=\"border-top: solid 1px #508ED5;\">\n<p style=\"padding-top: 1%;\"><span style=\"font-weight: 700;\">1973<\/span>&nbsp;&nbsp;&nbsp;\u00abLa esposa de mi coraz\u00f3n\u00bb. Espect\u00e1culo original de rokyoku<\/p>\n<hr style=\"border-top: solid 1px #508ED5;\">\n<p style=\"padding-top: 1%;\"><span style=\"font-weight: 700;\">1974<\/span>&nbsp;&nbsp;&nbsp;\u00abMusica tradicional para todos\u00bb. Espect\u00e1culo tradicional japon\u00e9s de nagauta<\/p>\n<hr style=\"border-top: solid 1px #508ED5;\">\n<p style=\"padding-top: 1%;\"><span style=\"font-weight: 700;\">1977<\/span>&nbsp;&nbsp;&nbsp;\u00abLa mujer de Michinoku\u00bb. Compa\u00f1\u00eda de danza japonesa Kikunokai<\/p>\n<hr style=\"border-top: solid 1px #508ED5;\">\n<p style=\"padding-top: 1%;\"><span style=\"font-weight: 700;\">1980<\/span>&nbsp;&nbsp;&nbsp;\u00abCantando la esencia del minyo\u00bb. compa\u00f1\u00eda de artes folkl\u00f3ricas Minbunren<\/p>\n<hr style=\"border-top: solid 1px #508ED5;\">\n<p style=\"padding-top: 1%;\"><span style=\"font-weight: 700;\">1987<\/span>&nbsp;&nbsp;&nbsp;\u00abRetumbar\u00bb. Percusi\u00f3n con tambores taiko<\/p>\n<hr style=\"border-top: solid 1px #508ED5;\">\n<p style=\"padding-top: 1%;\"><span style=\"font-weight: 700;\">1988<\/span>&nbsp;&nbsp;&nbsp;Compa\u00f1\u00eda de artes folkl\u00f3ricas Minbunren<\/p>\n<hr style=\"border-top: solid 1px #508ED5;\">\n<p style=\"padding-top: 1%;\"><span style=\"font-weight: 700;\">1990<\/span>&nbsp;&nbsp;&nbsp;Compa\u00f1\u00eda de danza japonesa Kikunokai<\/p>\n<hr style=\"border-top: solid 1px #508ED5;\">\n<p style=\"padding-top: 1%;\"><span style=\"font-weight: 700;\">1997<\/span>&nbsp;&nbsp;&nbsp;Compa\u00f1\u00eda de artes folkl\u00f3ricas Minbunren<\/p>\n<hr style=\"border-top: solid 1px #508ED5;\">\n<p style=\"padding-top: 1%;\"><span style=\"font-weight: 700;\">1998<\/span>&nbsp;&nbsp;&nbsp;Compa\u00f1\u00eda de danza japonesa Kikunokai<\/p>\n<hr style=\"border-top: solid 1px #508ED5;\">\n<p style=\"padding-top: 1%;\"><span style=\"font-weight: 700;\">2003<\/span>&nbsp;&nbsp;&nbsp;Compa\u00f1\u00eda de danza y percusi\u00f3n japonesa Asuka-Gumi<\/p>\n<hr style=\"border-top: solid 1px #508ED5;\">\n<p style=\"padding-top: 1%;\"><span style=\"font-weight: 700;\">2006<\/span>&nbsp;&nbsp;&nbsp;Academia de danza japonesa Asuka<\/p>\n<hr style=\"border-top: solid 1px #508ED5;\">\n<p style=\"padding-top: 1%;\"><span style=\"font-weight: 700;\">2008<\/span>&nbsp;&nbsp;&nbsp;Shoin Yamase VI (int\u00e9rprete de koto, arpa japonesa) <\/p>\n<hr style=\"border-top: solid 1px #508ED5;\">\n<p style=\"padding-top: 1%;\"><span style=\"font-weight: 700;\">2009<\/span>&nbsp;&nbsp;&nbsp;Compa\u00f1\u00eda de teatro Hanayakara<\/p>\n<hr style=\"border-top: solid 1px #508ED5;\">\n<p style=\"padding-top: 1%;\"><span style=\"font-weight: 700;\">2011<\/span>&nbsp;&nbsp;&nbsp;Masahiro Endo y Erina Endo (int\u00e9rpretes de tsugaru-shamisen)<\/p>\n<hr style=\"border-top: solid 1px #508ED5;\">\n<p style=\"padding-top: 1%;\"><span style=\"font-weight: 700;\">2013<\/span>&nbsp;&nbsp;&nbsp;Sho Asano (int\u00e9rprete de tsugaru-shamisen)<\/p>\n<hr style=\"border-top: solid 1px #508ED5;\">\n<p style=\"padding-top: 1%;\"><span style=\"font-weight: 700;\">2013<\/span>&nbsp;&nbsp;&nbsp;Mitsugu Koyama (int\u00e9rprete de tsugaru-shamisen)<\/p>\n<hr style=\"border-top: solid 1px #508ED5;\">\n<p style=\"padding-top: 1%;\"><span style=\"font-weight: 700;\">2014<\/span>&nbsp;&nbsp;&nbsp;Espect\u00e1culo de tambores japoneses Da Da Da Dan<\/p>\n<hr style=\"border-top: solid 1px #508ED5;\">\n<p style=\"padding-top: 1%;\"><span style=\"font-weight: 700;\">2015<\/span>&nbsp;&nbsp;&nbsp;Yoshida Brothers (int\u00e9rpretes de tsugaru-shamisen)<\/p>\n<hr style=\"border-top: solid 1px #508ED5;\">\n<p style=\"padding-top: 1%;\"><span style=\"font-weight: 700;\">2016<\/span>&nbsp;&nbsp;&nbsp;Compa\u00f1\u00eda de instrumentos tradicionales Enishi<\/p>\n<hr style=\"border-top: solid 1px #508ED5;\">\n<p style=\"padding-top: 1%;\"><span style=\"font-weight: 700;\">2016<\/span>&nbsp;&nbsp;&nbsp;Orquesta cl\u00e1sica AUN J<\/p>\n<p>[\/et_pb_text][\/et_pb_column][\/et_pb_row][et_pb_row _builder_version=\u00bb3.15&#8243; custom_css_main_1=\u00bbcontent:%22%22;||    display:table;||    clear:both;\u00bb collapsed=\u00bbon\u00bb disabled_on=\u00bbon|on|on\u00bb disabled=\u00bbon\u00bb][et_pb_column type=\u00bb1_2&#8243;][et_pb_text _builder_version=\u00bb3.15&#8243; custom_css_main_element=\u00bbfloat: left;||width: 45%;\u00bb module_class=\u00bbclearfix\u00bb]<\/p>\n<p><img loading=\"lazy\" decoding=\"async\" style=\"width: 100%;\" src=\"https:\/\/www.min-on.org\/es\/wp-content\/uploads\/sites\/4\/2011\/09\/thumbnail-japanese-arts_1.jpg\" alt=\"Japanese Traditional Music Nagauta in 1974\" width=\"200\" height=\"132\" class=\"alignnone size-full wp-image-758\"><br \/>\nNagauta, m\u00fasica tradicional del Jap\u00f3n (1974)<\/p>\n<p>[\/et_pb_text][et_pb_text _builder_version=\u00bb3.15&#8243; custom_css_main_element=\u00bbfloat: right;||width: 45%;||\u00bb custom_css_after=\u00bb   content: %22 %22; \/* Older browser do not support empty content *\/||   visibility: hidden;||   display: block;||   height: 0;||   clear: both;||\u00bb]<\/p>\n<p><img loading=\"lazy\" decoding=\"async\" style=\"width: 100%;\" src=\"https:\/\/www.min-on.org\/es\/wp-content\/uploads\/sites\/4\/2011\/09\/thumbnail-japanese-arts_2.jpg\" alt=\"Japanese Art\" width=\"200\" height=\"132\" class=\"alignnone size-full wp-image-759\"><br \/>\nEl arte del Jap\u00f3n<\/p>\n<p>[\/et_pb_text][et_pb_code _builder_version=\u00bb3.7&#8243; custom_padding=\u00bb0px||0px|\u00bb custom_margin=\u00bb0px||0px|\u00bb]&lt;div style=&quot;clear: both;&quot;&gt;&lt;\/div&gt; &lt;!&#8211; Clear the float &#8211;&gt;[\/et_pb_code][et_pb_text _builder_version=\u00bb3.15&#8243; custom_css_main_element=\u00bbfloat: left;||width: 45%;\u00bb module_class=\u00bbclearfix\u00bb]<\/p>\n<p><img loading=\"lazy\" decoding=\"async\" style=\"width: 100%;\" src=\"https:\/\/www.min-on.org\/es\/wp-content\/uploads\/sites\/4\/2011\/09\/thumbnail-japanese-arts_5.jpg\" alt=\"Shamisen Concert\" width=\"200\" height=\"132\" class=\"alignnone size-full wp-image-758\"><br \/>\nConcierto de shamisen<\/p>\n<p>[\/et_pb_text][et_pb_text _builder_version=\u00bb3.15&#8243; custom_css_main_element=\u00bbfloat: right;||width: 45%;||\u00bb custom_css_after=\u00bb   content: %22 %22; \/* Older browser do not support empty content *\/||   visibility: hidden;||   display: block;||   height: 0;||   clear: both;||\u00bb]<\/p>\n<p><img loading=\"lazy\" decoding=\"async\" style=\"width: 100%;\" src=\"https:\/\/www.min-on.org\/es\/wp-content\/uploads\/sites\/4\/2011\/09\/thumbnail-japanese-arts_4.jpg\" alt=\"Japanese Art\" width=\"200\" height=\"132\" class=\"alignnone size-full wp-image-759\"><br \/>\nEl arte del Jap\u00f3n<\/p>\n<p>[\/et_pb_text][et_pb_code _builder_version=\u00bb3.7&#8243; custom_padding=\u00bb0px||0px|\u00bb custom_margin=\u00bb0px||0px|\u00bb]&lt;div style=&quot;clear: both;&quot;&gt;&lt;\/div&gt; &lt;!&#8211; Clear the float &#8211;&gt;[\/et_pb_code][\/et_pb_column][et_pb_column type=\u00bb1_2&#8243;][et_pb_toggle _builder_version=\u00bb3.15&#8243; title=\u00bbCiclo Min-On de Artes Japonesas (selecci\u00f3n)\u00bb icon_color=\u00bb#000000&#8243; open_toggle_text_color=\u00bb#000000&#8243; closed_toggle_text_color=\u00bb#000000&#8243; open_toggle_background_color=\u00bb#ffffff\u00bb closed_toggle_background_color=\u00bb#ffffff\u00bb saved_tabs=\u00bball\u00bb]<\/p>\n<p style=\"padding-top: 1%;\"><span style=\"font-weight: 700;\">1970<\/span>&nbsp;&nbsp;&nbsp;Primer Festival de Minyou de la compa\u00f1\u00eda de artes folkl\u00f3ricas Minbunren (148 funciones)<\/p>\n<hr style=\"border-top: solid 1px #508ED5;\">\n<p style=\"padding-top: 1%;\"><span style=\"font-weight: 700;\">1972<\/span>&nbsp;&nbsp;&nbsp;Compa\u00f1\u00eda de Canto y Danza de Okinawa<\/p>\n<hr style=\"border-top: solid 1px #508ED5;\">\n<p style=\"padding-top: 1%;\"><span style=\"font-weight: 700;\">1973<\/span>&nbsp;&nbsp;&nbsp;\u00abLa esposa de mi coraz\u00f3n\u00bb. Espect\u00e1culo original de rokyoku<\/p>\n<hr style=\"border-top: solid 1px #508ED5;\">\n<p style=\"padding-top: 1%;\"><span style=\"font-weight: 700;\">1974<\/span>&nbsp;&nbsp;&nbsp;\u00abMusica tradicional para todos\u00bb. Espect\u00e1culo tradicional japon\u00e9s de nagauta<\/p>\n<hr style=\"border-top: solid 1px #508ED5;\">\n<p style=\"padding-top: 1%;\"><span style=\"font-weight: 700;\">1977<\/span>&nbsp;&nbsp;&nbsp;\u00abLa mujer de Michinoku\u00bb. Compa\u00f1\u00eda de danza japonesa Kikunokai<\/p>\n<hr style=\"border-top: solid 1px #508ED5;\">\n<p style=\"padding-top: 1%;\"><span style=\"font-weight: 700;\">1980<\/span>&nbsp;&nbsp;&nbsp;\u00abCantando la esencia del minyo\u00bb. compa\u00f1\u00eda de artes folkl\u00f3ricas Minbunren<\/p>\n<hr style=\"border-top: solid 1px #508ED5;\">\n<p style=\"padding-top: 1%;\"><span style=\"font-weight: 700;\">1987<\/span>&nbsp;&nbsp;&nbsp;\u00abRetumbar\u00bb. Percusi\u00f3n con tambores taiko<\/p>\n<hr style=\"border-top: solid 1px #508ED5;\">\n<p style=\"padding-top: 1%;\"><span style=\"font-weight: 700;\">1988<\/span>&nbsp;&nbsp;&nbsp;Compa\u00f1\u00eda de artes folkl\u00f3ricas Minbunren<\/p>\n<hr style=\"border-top: solid 1px #508ED5;\">\n<p style=\"padding-top: 1%;\"><span style=\"font-weight: 700;\">1990<\/span>&nbsp;&nbsp;&nbsp;Compa\u00f1\u00eda de danza japonesa Kikunokai<\/p>\n<hr style=\"border-top: solid 1px #508ED5;\">\n<p style=\"padding-top: 1%;\"><span style=\"font-weight: 700;\">1997<\/span>&nbsp;&nbsp;&nbsp;Compa\u00f1\u00eda de artes folkl\u00f3ricas Minbunren<\/p>\n<hr style=\"border-top: solid 1px #508ED5;\">\n<p style=\"padding-top: 1%;\"><span style=\"font-weight: 700;\">1998<\/span>&nbsp;&nbsp;&nbsp;Compa\u00f1\u00eda de danza japonesa Kikunokai<\/p>\n<hr style=\"border-top: solid 1px #508ED5;\">\n<p style=\"padding-top: 1%;\"><span style=\"font-weight: 700;\">2003<\/span>&nbsp;&nbsp;&nbsp;Compa\u00f1\u00eda de danza y percusi\u00f3n japonesa Asuka-Gumi<\/p>\n<hr style=\"border-top: solid 1px #508ED5;\">\n<p style=\"padding-top: 1%;\"><span style=\"font-weight: 700;\">2006<\/span>&nbsp;&nbsp;&nbsp;Academia de danza japonesa Asuka<\/p>\n<hr style=\"border-top: solid 1px #508ED5;\">\n<p style=\"padding-top: 1%;\"><span style=\"font-weight: 700;\">2008<\/span>&nbsp;&nbsp;&nbsp;Shoin Yamase VI (int\u00e9rprete de koto, arpa japonesa) <\/p>\n<hr style=\"border-top: solid 1px #508ED5;\">\n<p style=\"padding-top: 1%;\"><span style=\"font-weight: 700;\">2009<\/span>&nbsp;&nbsp;&nbsp;Compa\u00f1\u00eda de teatro Hanayakara<\/p>\n<hr style=\"border-top: solid 1px #508ED5;\">\n<p style=\"padding-top: 1%;\"><span style=\"font-weight: 700;\">2011<\/span>&nbsp;&nbsp;&nbsp;Masahiro Endo y Erina Endo (int\u00e9rpretes de tsugaru-shamisen)<\/p>\n<hr style=\"border-top: solid 1px #508ED5;\">\n<p style=\"padding-top: 1%;\"><span style=\"font-weight: 700;\">2013<\/span>&nbsp;&nbsp;&nbsp;Sho Asano (int\u00e9rprete de tsugaru-shamisen)<\/p>\n<hr style=\"border-top: solid 1px #508ED5;\">\n<p style=\"padding-top: 1%;\"><span style=\"font-weight: 700;\">2013<\/span>&nbsp;&nbsp;&nbsp;Mitsugu Koyama (int\u00e9rprete de tsugaru-shamisen)<\/p>\n<hr style=\"border-top: solid 1px #508ED5;\">\n<p style=\"padding-top: 1%;\"><span style=\"font-weight: 700;\">2014<\/span>&nbsp;&nbsp;&nbsp;Espect\u00e1culo de tambores japoneses Da Da Da Dan<\/p>\n<hr style=\"border-top: solid 1px #508ED5;\">\n<p style=\"padding-top: 1%;\"><span style=\"font-weight: 700;\">2015<\/span>&nbsp;&nbsp;&nbsp;Yoshida Brothers (int\u00e9rpretes de tsugaru-shamisen)<\/p>\n<hr style=\"border-top: solid 1px #508ED5;\">\n<p style=\"padding-top: 1%;\"><span style=\"font-weight: 700;\">2016<\/span>&nbsp;&nbsp;&nbsp;Compa\u00f1\u00eda de instrumentos tradicionales Enishi<\/p>\n<hr style=\"border-top: solid 1px #508ED5;\">\n<p style=\"padding-top: 1%;\"><span style=\"font-weight: 700;\">2016<\/span>&nbsp;&nbsp;&nbsp;Orquesta cl\u00e1sica AUN J<\/p>\n<p>[\/et_pb_toggle][\/et_pb_column][\/et_pb_row][et_pb_row _builder_version=\u00bb3.15&#8243; use_custom_gutter=\u00bbon\u00bb gutter_width=\u00bb2&#8243; make_equal=\u00bbon\u00bb module_class=\u00bbfloatRow\u00bb][et_pb_column type=\u00bb1_4&#8243;][et_pb_image _builder_version=\u00bb3.15&#8243; force_fullwidth=\u00bbon\u00bb show_bottom_space=\u00bboff\u00bb src=\u00bbhttps:\/\/www.min-on.org\/es\/wp-content\/uploads\/sites\/4\/2011\/09\/thumbnail-japanese-arts_1.jpg\u00bb \/][et_pb_text _builder_version=\u00bb3.15&#8243;]<\/p>\n<p>Nagauta, m\u00fasica tradicional del Jap\u00f3n (1974)<\/p>\n<p>[\/et_pb_text][et_pb_image _builder_version=\u00bb3.15&#8243; force_fullwidth=\u00bbon\u00bb show_bottom_space=\u00bboff\u00bb src=\u00bbhttps:\/\/www.min-on.org\/es\/wp-content\/uploads\/sites\/4\/2011\/09\/thumbnail-japanese-arts_5.jpg\u00bb \/][et_pb_text _builder_version=\u00bb3.15&#8243;]<\/p>\n<p>Concierto de shamisen<\/p>\n<p>[\/et_pb_text][\/et_pb_column][et_pb_column type=\u00bb1_4&#8243;][et_pb_image _builder_version=\u00bb3.15&#8243; force_fullwidth=\u00bbon\u00bb show_bottom_space=\u00bboff\u00bb src=\u00bbhttps:\/\/www.min-on.org\/es\/wp-content\/uploads\/sites\/4\/2011\/09\/thumbnail-japanese-arts_2.jpg\u00bb \/][et_pb_text _builder_version=\u00bb3.15&#8243;]<\/p>\n<p>El arte del Jap\u00f3n<\/p>\n<p>[\/et_pb_text][et_pb_image _builder_version=\u00bb3.15&#8243; force_fullwidth=\u00bbon\u00bb show_bottom_space=\u00bboff\u00bb src=\u00bbhttps:\/\/www.min-on.org\/es\/wp-content\/uploads\/sites\/4\/2011\/09\/thumbnail-japanese-arts_4.jpg\u00bb \/][et_pb_text _builder_version=\u00bb3.15&#8243;]<\/p>\n<p>El arte del Jap\u00f3n<\/p>\n<p>[\/et_pb_text][\/et_pb_column][et_pb_column type=\u00bb1_2&#8243;][et_pb_toggle _builder_version=\u00bb3.15&#8243; title=\u00bbCiclo Min-On de Artes Japonesas (selecci\u00f3n)\u00bb icon_color=\u00bb#000000&#8243; open_toggle_text_color=\u00bb#000000&#8243; closed_toggle_text_color=\u00bb#000000&#8243; open_toggle_background_color=\u00bb#ffffff\u00bb closed_toggle_background_color=\u00bb#ffffff\u00bb saved_tabs=\u00bball\u00bb]<\/p>\n<p style=\"padding-top: 1%;\"><span style=\"font-weight: 700;\">1970<\/span>&nbsp;&nbsp;&nbsp;Primer Festival de Minyou de la compa\u00f1\u00eda de artes folkl\u00f3ricas Minbunren (148 funciones)<\/p>\n<hr style=\"border-top: solid 1px #508ED5;\">\n<p style=\"padding-top: 1%;\"><span style=\"font-weight: 700;\">1972<\/span>&nbsp;&nbsp;&nbsp;Compa\u00f1\u00eda de Canto y Danza de Okinawa<\/p>\n<hr style=\"border-top: solid 1px #508ED5;\">\n<p style=\"padding-top: 1%;\"><span style=\"font-weight: 700;\">1973<\/span>&nbsp;&nbsp;&nbsp;\u00abLa esposa de mi coraz\u00f3n\u00bb. Espect\u00e1culo original de rokyoku<\/p>\n<hr style=\"border-top: solid 1px #508ED5;\">\n<p style=\"padding-top: 1%;\"><span style=\"font-weight: 700;\">1974<\/span>&nbsp;&nbsp;&nbsp;\u00abMusica tradicional para todos\u00bb. Espect\u00e1culo tradicional japon\u00e9s de nagauta<\/p>\n<hr style=\"border-top: solid 1px #508ED5;\">\n<p style=\"padding-top: 1%;\"><span style=\"font-weight: 700;\">1977<\/span>&nbsp;&nbsp;&nbsp;\u00abLa mujer de Michinoku\u00bb. Compa\u00f1\u00eda de danza japonesa Kikunokai<\/p>\n<hr style=\"border-top: solid 1px #508ED5;\">\n<p style=\"padding-top: 1%;\"><span style=\"font-weight: 700;\">1980<\/span>&nbsp;&nbsp;&nbsp;\u00abCantando la esencia del minyo\u00bb. compa\u00f1\u00eda de artes folkl\u00f3ricas Minbunren<\/p>\n<hr style=\"border-top: solid 1px #508ED5;\">\n<p style=\"padding-top: 1%;\"><span style=\"font-weight: 700;\">1987<\/span>&nbsp;&nbsp;&nbsp;\u00abRetumbar\u00bb. Percusi\u00f3n con tambores taiko<\/p>\n<hr style=\"border-top: solid 1px #508ED5;\">\n<p style=\"padding-top: 1%;\"><span style=\"font-weight: 700;\">1988<\/span>&nbsp;&nbsp;&nbsp;Compa\u00f1\u00eda de artes folkl\u00f3ricas Minbunren<\/p>\n<hr style=\"border-top: solid 1px #508ED5;\">\n<p style=\"padding-top: 1%;\"><span style=\"font-weight: 700;\">1990<\/span>&nbsp;&nbsp;&nbsp;Compa\u00f1\u00eda de danza japonesa Kikunokai<\/p>\n<hr style=\"border-top: solid 1px #508ED5;\">\n<p style=\"padding-top: 1%;\"><span style=\"font-weight: 700;\">1997<\/span>&nbsp;&nbsp;&nbsp;Compa\u00f1\u00eda de artes folkl\u00f3ricas Minbunren<\/p>\n<hr style=\"border-top: solid 1px #508ED5;\">\n<p style=\"padding-top: 1%;\"><span style=\"font-weight: 700;\">1998<\/span>&nbsp;&nbsp;&nbsp;Compa\u00f1\u00eda de danza japonesa Kikunokai<\/p>\n<hr style=\"border-top: solid 1px #508ED5;\">\n<p style=\"padding-top: 1%;\"><span style=\"font-weight: 700;\">2003<\/span>&nbsp;&nbsp;&nbsp;Compa\u00f1\u00eda de danza y percusi\u00f3n japonesa Asuka-Gumi<\/p>\n<hr style=\"border-top: solid 1px #508ED5;\">\n<p style=\"padding-top: 1%;\"><span style=\"font-weight: 700;\">2006<\/span>&nbsp;&nbsp;&nbsp;Academia de danza japonesa Asuka<\/p>\n<hr style=\"border-top: solid 1px #508ED5;\">\n<p style=\"padding-top: 1%;\"><span style=\"font-weight: 700;\">2008<\/span>&nbsp;&nbsp;&nbsp;Shoin Yamase VI (int\u00e9rprete de koto, arpa japonesa) <\/p>\n<hr style=\"border-top: solid 1px #508ED5;\">\n<p style=\"padding-top: 1%;\"><span style=\"font-weight: 700;\">2009<\/span>&nbsp;&nbsp;&nbsp;Compa\u00f1\u00eda de teatro Hanayakara<\/p>\n<hr style=\"border-top: solid 1px #508ED5;\">\n<p style=\"padding-top: 1%;\"><span style=\"font-weight: 700;\">2011<\/span>&nbsp;&nbsp;&nbsp;Masahiro Endo y Erina Endo (int\u00e9rpretes de tsugaru-shamisen)<\/p>\n<hr style=\"border-top: solid 1px #508ED5;\">\n<p style=\"padding-top: 1%;\"><span style=\"font-weight: 700;\">2013<\/span>&nbsp;&nbsp;&nbsp;Sho Asano (int\u00e9rprete de tsugaru-shamisen)<\/p>\n<hr style=\"border-top: solid 1px #508ED5;\">\n<p style=\"padding-top: 1%;\"><span style=\"font-weight: 700;\">2013<\/span>&nbsp;&nbsp;&nbsp;Mitsugu Koyama (int\u00e9rprete de tsugaru-shamisen)<\/p>\n<hr style=\"border-top: solid 1px #508ED5;\">\n<p style=\"padding-top: 1%;\"><span style=\"font-weight: 700;\">2014<\/span>&nbsp;&nbsp;&nbsp;Espect\u00e1culo de tambores japoneses Da Da Da Dan<\/p>\n<hr style=\"border-top: solid 1px #508ED5;\">\n<p style=\"padding-top: 1%;\"><span style=\"font-weight: 700;\">2015<\/span>&nbsp;&nbsp;&nbsp;Yoshida Brothers (int\u00e9rpretes de tsugaru-shamisen)<\/p>\n<hr style=\"border-top: solid 1px #508ED5;\">\n<p style=\"padding-top: 1%;\"><span style=\"font-weight: 700;\">2016<\/span>&nbsp;&nbsp;&nbsp;Compa\u00f1\u00eda de instrumentos tradicionales Enishi<\/p>\n<hr style=\"border-top: solid 1px #508ED5;\">\n<p style=\"padding-top: 1%;\"><span style=\"font-weight: 700;\">2016<\/span>&nbsp;&nbsp;&nbsp;Orquesta cl\u00e1sica AUN J<\/p>\n<p>[\/et_pb_toggle][\/et_pb_column][\/et_pb_row][\/et_pb_section]<\/p>\n","protected":false},"excerpt":{"rendered":"<p>Ciclo de Artes Japonesas \u00abCreo que la cultura japonesa es una de las pocas del mundo que a\u00fan conserva su propia entidad. Sus expresiones son muy tradicionales y espec\u00edficas, y perviven intactas, sin haberse americanizado todav\u00eda\u00bb. \u2014 Toni Collette Adem\u00e1s de patrocinar intercambios culturales con m\u00fasicos y artistas invitados de todas partes del mundo, Min-On [&hellip;]<\/p>\n","protected":false},"author":1,"featured_media":0,"parent":0,"menu_order":0,"comment_status":"closed","ping_status":"closed","template":"","meta":{"_et_pb_use_builder":"on","_et_pb_old_content":"","_et_gb_content_width":"","footnotes":""},"categories":[],"tags":[],"distributor_meta":false,"distributor_terms":false,"distributor_media":false,"distributor_original_site_name":"Spanish - Min-On Website","distributor_original_site_url":"https:\/\/www.min-on.org\/es","_links":{"self":[{"href":"https:\/\/www.min-on.org\/es\/wp-json\/wp\/v2\/pages\/2713"}],"collection":[{"href":"https:\/\/www.min-on.org\/es\/wp-json\/wp\/v2\/pages"}],"about":[{"href":"https:\/\/www.min-on.org\/es\/wp-json\/wp\/v2\/types\/page"}],"author":[{"embeddable":true,"href":"https:\/\/www.min-on.org\/es\/wp-json\/wp\/v2\/users\/1"}],"replies":[{"embeddable":true,"href":"https:\/\/www.min-on.org\/es\/wp-json\/wp\/v2\/comments?post=2713"}],"version-history":[{"count":19,"href":"https:\/\/www.min-on.org\/es\/wp-json\/wp\/v2\/pages\/2713\/revisions"}],"predecessor-version":[{"id":7787,"href":"https:\/\/www.min-on.org\/es\/wp-json\/wp\/v2\/pages\/2713\/revisions\/7787"}],"wp:attachment":[{"href":"https:\/\/www.min-on.org\/es\/wp-json\/wp\/v2\/media?parent=2713"}],"wp:term":[{"taxonomy":"category","embeddable":true,"href":"https:\/\/www.min-on.org\/es\/wp-json\/wp\/v2\/categories?post=2713"},{"taxonomy":"post_tag","embeddable":true,"href":"https:\/\/www.min-on.org\/es\/wp-json\/wp\/v2\/tags?post=2713"}],"curies":[{"name":"wp","href":"https:\/\/api.w.org\/{rel}","templated":true}]}}