{"id":2640,"date":"2018-06-25T12:46:40","date_gmt":"2018-06-25T12:46:40","guid":{"rendered":"http:\/\/min-on.matthewbyrt.com\/?page_id=2640"},"modified":"2018-11-02T10:01:18","modified_gmt":"2018-11-02T10:01:18","slug":"ballet","status":"publish","type":"page","link":"https:\/\/www.min-on.org\/es\/ballet\/","title":{"rendered":"Ballet"},"content":{"rendered":"<p>[et_pb_section bb_built=\u00bb1&#8243; next_background_color=\u00bb#000000&#8243; _builder_version=\u00bb3.7&#8243; custom_padding=\u00bb||0px|\u00bb][et_pb_row _builder_version=\u00bb3.11&#8243; custom_padding=\u00bb0px|||\u00bb][et_pb_column type=\u00bb4_4&#8243;][et_pb_text _builder_version=\u00bb3.11&#8243;]<\/p>\n<h1>Ballet<\/h1>\n<p>[\/et_pb_text][\/et_pb_column][\/et_pb_row][et_pb_row _builder_version=\u00bb3.9&#8243;][et_pb_column type=\u00bb4_4&#8243;][et_pb_image _builder_version=\u00bb3.7&#8243; src=\u00bbhttps:\/\/www.min-on.org\/es\/wp-content\/uploads\/sites\/4\/2018\/06\/main-image-ballet.jpg\u00bb force_fullwidth=\u00bbon\u00bb show_bottom_space=\u00bboff\u00bb \/][\/et_pb_column][\/et_pb_row][et_pb_row][et_pb_column type=\u00bb4_4&#8243;][et_pb_text _builder_version=\u00bb3.15&#8243;]<\/p>\n<h2 style=\"line-height: 36px;\">S\u00e9 que cuando salgo a escena, doy todo lo que tengo; no solo mis pies, no solo mis piernas, no solo mi cuerpo. Intento narrar una historia. A veces, el sentimiento me hace llorar. A veces, el sentimiento me hace amar. <span style=\"font-size: 16px; font-weight: bold;\">\u2014 Sylvie Guillam<\/span><\/h2>\n<p>[\/et_pb_text][\/et_pb_column][\/et_pb_row][\/et_pb_section][et_pb_section bb_built=\u00bb1&#8243; specialty=\u00bboff\u00bb prev_background_color=\u00bb#000000&#8243; _builder_version=\u00bb3.9&#8243; custom_padding=\u00bb0px|||\u00bb next_background_color=\u00bb#000000&#8243; collapsed=\u00bbon\u00bb disabled_on=\u00bbon|on|on\u00bb disabled=\u00bbon\u00bb][et_pb_row _builder_version=\u00bb3.7&#8243; custom_css_main_1=\u00bbcontent:%22%22;|| display:table;|| clear:both;\u00bb][et_pb_column type=\u00bb1_2&#8243;][et_pb_text _builder_version=\u00bb3.15&#8243;]<\/p>\n<p>El ballet es una expresi\u00f3n formalista de la danza cuyos or\u00edgenes se remontan a las cortes del Renacimiento italiano de los siglos xv y xvi, y que posteriormente se desarroll\u00f3 en Francia, Rusia y Gran Breta\u00f1a como una danza esc\u00e9nica con acompa\u00f1amiento de m\u00fasica cl\u00e1sica. El ballet cobr\u00f3 difusi\u00f3n en todo el mundo y dio lugar a la formaci\u00f3n de aclamadas compa\u00f1\u00edas de notable excelencia. El g\u00e9nero impone a los bailarines un alto grado de dificultad y requiere una pr\u00e1ctica disciplinada hasta dominar el trabajo de punta, los desplazamientos y la precisi\u00f3n en los movimientos acrob\u00e1ticos. La forma m\u00e1s difundida es el \u00abBallet Blanc\u00bb o rom\u00e1ntico tard\u00edo, aunque en \u00e9pocas posteriores surgieron expresiones destacadas como el ballet expresionista, el ballet neocl\u00e1sico y la danza moderna.<\/p>\n<p>Poco despu\u00e9s de su fundaci\u00f3n, en 1966, Min-On inici\u00f3 sus exclusivas funciones para el p\u00fablico japon\u00e9s, con la gira del Ballet de la Academia Nacional Sovi\u00e9tica de Novosibirsk, que inaugur\u00f3 el novedoso ciclo. Un a\u00f1o despu\u00e9s, en 1967, invit\u00f3 al Jap\u00f3n al Ballet del Siglo xx del Teatro Real de la Monnaie (B\u00e9lgica), dirigido por Maurice B\u00e9jart, y al American Ballet Theater en 1968. En su programa m\u00e1s reciente se lucen las interpretaciones del Teatro de Danza de los Pa\u00edses Bajos, dirigido por Jiri Kyli\u00e1n, en 1990 y 1993; el Ballet Real de Winnipeg, en 1995, y el popular Ballet de Hamburgo, dirigido por John Neumeier, que deleit\u00f3 al p\u00fablico japon\u00e9s en seis oportunidades, entre 1986 y 2009, en el marco del Ciclo Min-On de Ballet.<\/p>\n<p>[\/et_pb_text][et_pb_text _builder_version=\u00bb3.15&#8243; custom_css_main_element=\u00bbfloat: left;||width: 45%;\u00bb module_class=\u00bbclearfix\u00bb]<\/p>\n<p><img loading=\"lazy\" decoding=\"async\" class=\"alignnone size-full wp-image-752\" style=\"width: 100%;\" src=\"https:\/\/www.min-on.org\/es\/wp-content\/uploads\/sites\/4\/2011\/09\/thumbnail-ballet_1.jpg\" alt=\"Soviet National Academy Novosibirsk Ballet in 1966\" width=\"200\" height=\"132\" \/><br \/>\nBallet de la Academia Nacional Sovi\u00e9tica de Novobirsk (1966)<\/p>\n<p>[\/et_pb_text][et_pb_text _builder_version=\u00bb3.12&#8243; custom_css_main_element=\u00bbfloat: right;||width: 45%;||\u00bb custom_css_after=\u00bb content: %22 %22; \/* Older browser do not support empty content *\/|| visibility: hidden;|| display: block;|| height: 0;|| clear: both;||\u00bb]<\/p>\n<p><img loading=\"lazy\" decoding=\"async\" class=\"alignnone size-full wp-image-753\" style=\"width: 100%;\" src=\"https:\/\/www.min-on.org\/es\/wp-content\/uploads\/sites\/4\/2011\/09\/thumbnail-ballet_2.jpg\" alt=\"American Ballet Theater in 1968\" width=\"200\" height=\"132\" \/><br \/>\nCompa\u00f1\u00eda del American Ballet Theater (1968)<\/p>\n<p>[\/et_pb_text][et_pb_code _builder_version=\u00bb3.7&#8243; custom_padding=\u00bb0px||0px|\u00bb custom_margin=\u00bb0px||0px|\u00bb]&lt;div style=&quot;clear: both;&quot;&gt;&lt;\/div&gt; &lt;!&#8211; Clear the float &#8211;&gt;[\/et_pb_code][et_pb_text _builder_version=\u00bb3.15&#8243; custom_css_main_element=\u00bbfloat: left;||width: 45%;\u00bb]<\/p>\n<p><img loading=\"lazy\" decoding=\"async\" width=\"230\" height=\"151\" class=\"alignnone size-full wp-image-754\" style=\"width: 100%;\" src=\"https:\/\/www.min-on.org\/es\/wp-content\/uploads\/sites\/4\/2011\/09\/thumbnail-ballet_3.jpg\" alt=\"Grand Ballet of the National Theater of the Opera of Paris in 1972\" \/><br \/>\nGran Ballet del Teatro Nacional de la \u00d3pera de Par\u00eds (1972)<\/p>\n<p>[\/et_pb_text][et_pb_text _builder_version=\u00bb3.12&#8243; custom_css_main_element=\u00bbfloat: right;||width: 45%;\u00bb]<\/p>\n<p><img loading=\"lazy\" decoding=\"async\" width=\"230\" height=\"151\" class=\"alignnone size-full wp-image-755\" style=\"width: 100%;\" src=\"https:\/\/www.min-on.org\/es\/wp-content\/uploads\/sites\/4\/2011\/09\/thumbnail-ballet_4.jpg\" alt=\"The Royal Ballet in 1975\" \/><br \/>\nRoyal Ballet (1975)<\/p>\n<p>[\/et_pb_text][et_pb_code _builder_version=\u00bb3.7&#8243; custom_padding=\u00bb0px||0px|\u00bb custom_margin=\u00bb0px||0px|\u00bb]&lt;div style=&quot;clear: both;&quot;&gt;&lt;\/div&gt; &lt;!&#8211; Clear the float &#8211;&gt;[\/et_pb_code][et_pb_text _builder_version=\u00bb3.12&#8243; custom_css_main_element=\u00bbfloat: left;||width: 45%;\u00bb]<\/p>\n<p><img loading=\"lazy\" decoding=\"async\" width=\"230\" height=\"151\" class=\"alignnone size-full wp-image-756\" style=\"width: 100%;\" src=\"https:\/\/www.min-on.org\/es\/wp-content\/uploads\/sites\/4\/2011\/09\/thumbnail-ballet_5.jpg\" alt=\"Royal Winnipeg Ballet in 1995\" \/><br \/>\nBallet Real de Winnipeg (1995)<\/p>\n<p>[\/et_pb_text][et_pb_code _builder_version=\u00bb3.7&#8243; custom_padding=\u00bb0px||0px|\u00bb custom_margin=\u00bb0px||0px|\u00bb]&lt;div style=&quot;clear: both;&quot;&gt;&lt;\/div&gt; &lt;!&#8211; Clear the float &#8211;&gt;[\/et_pb_code][\/et_pb_column][et_pb_column type=\u00bb1_2&#8243;][et_pb_text _builder_version=\u00bb3.15&#8243;]<\/p>\n<p><span style=\"font-weight: bold;\">1966<\/span>\u00a0\u00a0\u00a0Ballet de la Academia Nacional Sovi\u00e9tica de Novobirsk (URSS)<\/p>\n<hr style=\"border-top: solid 1px #508ED5;\" \/>\n<p style=\"padding-top: 1%;\"><span style=\"font-weight: bold;\">1967<\/span>\u00a0\u00a0\u00a0Ballet del Siglo xx del Teatro Real de la Monnaie, \u00d3pera Nacional de B\u00e9lgica (Ballet du xxe Si\u00e8cle) (B\u00e9lgica)<\/p>\n<hr style=\"border-top: solid 1px #508ED5;\" \/>\n<p style=\"padding-top: 1%;\"><span style=\"font-weight: bold;\">1968<\/span>\u00a0\u00a0\u00a0American Ballet Theater (EE.UU.)<\/p>\n<hr style=\"border-top: solid 1px #508ED5;\" \/>\n<p style=\"padding-top: 1%;\"><span style=\"font-weight: bold;\">1971<\/span>\u00a0\u00a0\u00a0Ballet Nacional Djoliba (Rep\u00fablica de Guinea)<\/p>\n<hr style=\"border-top: solid 1px #508ED5;\" \/>\n<p style=\"padding-top: 1%;\"><span style=\"font-weight: bold;\">1972<\/span>\u00a0\u00a0\u00a0Gran Ballet del Teatro Nacional de la \u00d3pera de Par\u00eds (Grand Ballet du Th\u00e9\u00e2tre National de l&#8217;Opera de Paris) (Francia)<\/p>\n<hr style=\"border-top: solid 1px #508ED5;\" \/>\n<p style=\"padding-top: 1%;\"><span style=\"font-weight: bold;\">1973<\/span>\u00a0\u00a0\u00a0Ballet del Teatro Estatal Wuttemberg de Stuttgart (Ballet der Wurttembergischen Staatstheater Stuttgart (Alemania)<\/p>\n<hr style=\"border-top: solid 1px #508ED5;\" \/>\n<p style=\"padding-top: 1%;\"><span style=\"font-weight: bold;\">1975<\/span>\u00a0\u00a0\u00a0Real Ballet del Reino Unido (Royal Ballet) (Reino Unido)<\/p>\n<hr style=\"border-top: solid 1px #508ED5;\" \/>\n<p style=\"padding-top: 1%;\"><span style=\"font-weight: bold;\">1978<\/span>\u00a0\u00a0\u00a0Ballet del Siglo xx del Teatro Real de la Monnaie, \u00d3pera Nacional de B\u00e9lgica (Ballet du xxe Siecle) (B\u00e9lgica)<\/p>\n<hr style=\"border-top: solid 1px #508ED5;\" \/>\n<p style=\"padding-top: 1%;\"><span style=\"font-weight: bold;\">1984<\/span>\u00a0\u00a0\u00a0Grandes Ballets Canadienses (Les Grands Ballets Canadiens) (Canad\u00e1)<\/p>\n<hr style=\"border-top: solid 1px #508ED5;\" \/>\n<p style=\"padding-top: 1%;\"><span style=\"font-weight: bold;\">1986<\/span>\u00a0\u00a0\u00a0John Neumeier y el Ballet de Hamburgo (Alemania)<\/p>\n<hr style=\"border-top: solid 1px #508ED5;\" \/>\n<p style=\"padding-top: 1%;\"><span style=\"font-weight: bold;\">1989<\/span>\u00a0\u00a0\u00a0John Neumeier y el Ballet de Hamburgo (Alemania)<\/p>\n<hr style=\"border-top: solid 1px #508ED5;\" \/>\n<p style=\"padding-top: 1%;\"><span style=\"font-weight: bold;\">1990<\/span>\u00a0\u00a0\u00a0Compa\u00f1\u00eda Neerlandesa de Danzas (Nederlands Dans Theater) (Pa\u00edses Bajos)<\/p>\n<hr style=\"border-top: solid 1px #508ED5;\" \/>\n<p style=\"padding-top: 1%;\"><span style=\"font-weight: bold;\">1991<\/span>\u00a0\u00a0\u00a0Ballet Nacional de Cuba<\/p>\n<hr style=\"border-top: solid 1px #508ED5;\" \/>\n<p style=\"padding-top: 1%;\"><span style=\"font-weight: bold;\">1993<\/span>\u00a0\u00a0\u00a0Ballet de las Filipinas<\/p>\n<hr style=\"border-top: solid 1px #508ED5;\" \/>\n<p style=\"padding-top: 1%;\"><span style=\"font-weight: bold;\">1993<\/span>\u00a0\u00a0\u00a0Ballet del Teatro Laterna Magika (Rep\u00fablica Checa)<\/p>\n<hr style=\"border-top: solid 1px #508ED5;\" \/>\n<p style=\"padding-top: 1%;\"><span style=\"font-weight: bold;\">1993<\/span>\u00a0\u00a0\u00a0Compa\u00f1\u00eda Neerlandesa de Danzas (Nederlands Dans Theater) (Pa\u00edses Bajos)<\/p>\n<hr style=\"border-top: solid 1px #508ED5;\" \/>\n<p style=\"padding-top: 1%;\"><span style=\"font-weight: bold;\">1994<\/span>\u00a0\u00a0\u00a0John Neumeier y el Ballet de Hamburgo (Alemania)<\/p>\n<hr style=\"border-top: solid 1px #508ED5;\" \/>\n<p style=\"padding-top: 1%;\"><span style=\"font-weight: bold;\">1995<\/span>\u00a0\u00a0\u00a0Real Ballet de Winnipeg (Royal Winnipeg Ballet) (Canad\u00e1)<\/p>\n<hr style=\"border-top: solid 1px #508ED5;\" \/>\n<p style=\"padding-top: 1%;\"><span style=\"font-weight: bold;\">1997<\/span>\u00a0\u00a0\u00a0John Neumeier y el Ballet de Hamburgo (Alemania)<\/p>\n<hr style=\"border-top: solid 1px #508ED5;\" \/>\n<p style=\"padding-top: 1%;\"><span style=\"font-weight: bold;\">1998<\/span>\u00a0\u00a0\u00a0Ballet de las Filipinas<\/p>\n<hr style=\"border-top: solid 1px #508ED5;\" \/>\n<p style=\"padding-top: 1%;\"><span style=\"font-weight: bold;\">2005<\/span>\u00a0\u00a0\u00a0John Neumeier y el Ballet de Hamburgo (Alemania)<\/p>\n<hr style=\"border-top: solid 1px #508ED5;\" \/>\n<p style=\"padding-top: 1%;\"><span style=\"font-weight: bold;\">2009<\/span>\u00a0\u00a0\u00a0John Neumeier y el Ballet de Hamburgo (Alemania)<\/p>\n<p>[\/et_pb_text][\/et_pb_column][\/et_pb_row][\/et_pb_section][et_pb_section bb_built=\u00bb1&#8243; specialty=\u00bboff\u00bb prev_background_color=\u00bb#000000&#8243; _builder_version=\u00bb3.9&#8243; custom_padding=\u00bb0px|||\u00bb][et_pb_row _builder_version=\u00bb3.7&#8243; custom_css_main_1=\u00bbcontent:%22%22;|| display:table;|| clear:both;\u00bb][et_pb_column type=\u00bb1_2&#8243;][et_pb_text _builder_version=\u00bb3.15&#8243;]<\/p>\n<p>El ballet es una expresi\u00f3n formalista de la danza cuyos or\u00edgenes se remontan a las cortes del Renacimiento italiano de los siglos xv y xvi, y que posteriormente se desarroll\u00f3 en Francia, Rusia y Gran Breta\u00f1a como una danza esc\u00e9nica con acompa\u00f1amiento de m\u00fasica cl\u00e1sica. El ballet cobr\u00f3 difusi\u00f3n en todo el mundo y dio lugar a la formaci\u00f3n de aclamadas compa\u00f1\u00edas de notable excelencia. El g\u00e9nero impone a los bailarines un alto grado de dificultad y requiere una pr\u00e1ctica disciplinada hasta dominar el trabajo de punta, los desplazamientos y la precisi\u00f3n en los movimientos acrob\u00e1ticos. La forma m\u00e1s difundida es el \u00abBallet Blanc\u00bb o rom\u00e1ntico tard\u00edo, aunque en \u00e9pocas posteriores surgieron expresiones destacadas como el ballet expresionista, el ballet neocl\u00e1sico y la danza moderna.<\/p>\n<p>Poco despu\u00e9s de su fundaci\u00f3n, en 1966, Min-On inici\u00f3 sus exclusivas funciones para el p\u00fablico japon\u00e9s, con la gira del Ballet de la Academia Nacional Sovi\u00e9tica de Novosibirsk, que inaugur\u00f3 el novedoso ciclo. Un a\u00f1o despu\u00e9s, en 1967, invit\u00f3 al Jap\u00f3n al Ballet del Siglo xx del Teatro Real de la Monnaie (B\u00e9lgica), dirigido por Maurice B\u00e9jart, y al American Ballet Theater en 1968. En su programa m\u00e1s reciente se lucen las interpretaciones del Teatro de Danza de los Pa\u00edses Bajos, dirigido por Jiri Kyli\u00e1n, en 1990 y 1993; el Ballet Real de Winnipeg, en 1995, y el popular Ballet de Hamburgo, dirigido por John Neumeier, que deleit\u00f3 al p\u00fablico japon\u00e9s en seis oportunidades, entre 1986 y 2009, en el marco del Ciclo Min-On de Ballet.<\/p>\n<p>[\/et_pb_text][et_pb_image _builder_version=\u00bb3.15&#8243; src=\u00bbhttps:\/\/www.min-on.org\/es\/wp-content\/uploads\/sites\/4\/2018\/10\/Soviet-National-Academy-Novosibirsk-Ballet-of-U.S.S.R-in-1966.jpg\u00bb force_fullwidth=\u00bbon\u00bb show_bottom_space=\u00bboff\u00bb show_in_lightbox=\u00bbon\u00bb \/][et_pb_text _builder_version=\u00bb3.15&#8243;]<\/p>\n<p>Ballet de la Academia Nacional Sovi\u00e9tica de Novobirsk (1966)<\/p>\n<p>[\/et_pb_text][et_pb_image _builder_version=\u00bb3.15&#8243; src=\u00bbhttps:\/\/www.min-on.org\/es\/wp-content\/uploads\/sites\/4\/2018\/10\/American-Ballet-Theater-in-1968.jpg\u00bb force_fullwidth=\u00bbon\u00bb show_bottom_space=\u00bboff\u00bb show_in_lightbox=\u00bbon\u00bb \/][et_pb_text _builder_version=\u00bb3.15&#8243;]<\/p>\n<p>Compa\u00f1\u00eda del American Ballet Theater (1968)<\/p>\n<p>[\/et_pb_text][et_pb_image _builder_version=\u00bb3.15&#8243; src=\u00bbhttps:\/\/www.min-on.org\/es\/wp-content\/uploads\/sites\/4\/2018\/10\/Le-Grand-Ballet-du-Theatre-National-de-l\u0081fOpera-de-Paris-Grand-Ballet-of-the-National-Theater-of-the-Opera-of-Paris-in-1972.jpg\u00bb force_fullwidth=\u00bbon\u00bb show_bottom_space=\u00bboff\u00bb show_in_lightbox=\u00bbon\u00bb \/][et_pb_text _builder_version=\u00bb3.15&#8243;]<\/p>\n<p>Gran Ballet del Teatro Nacional de la \u00d3pera de Par\u00eds (1972)<\/p>\n<p>[\/et_pb_text][et_pb_image _builder_version=\u00bb3.15&#8243; src=\u00bbhttps:\/\/www.min-on.org\/es\/wp-content\/uploads\/sites\/4\/2018\/10\/The-Royal-Ballet-in-1975.jpg\u00bb force_fullwidth=\u00bbon\u00bb show_bottom_space=\u00bboff\u00bb show_in_lightbox=\u00bbon\u00bb \/][et_pb_text _builder_version=\u00bb3.15&#8243;]<\/p>\n<p>Real Ballet del Reino Unido (1975)<\/p>\n<p>[\/et_pb_text][\/et_pb_column][et_pb_column type=\u00bb1_2&#8243;][et_pb_text _builder_version=\u00bb3.15&#8243;]<\/p>\n<p><span style=\"font-weight: bold;\">1966<\/span>\u00a0\u00a0\u00a0Ballet de la Academia Nacional Sovi\u00e9tica de Novobirsk (URSS)<\/p>\n<hr style=\"border-top: solid 1px #508ED5;\" \/>\n<p style=\"padding-top: 1%;\"><span style=\"font-weight: bold;\">1967<\/span>\u00a0\u00a0\u00a0Ballet del Siglo xx del Teatro Real de la Monnaie, \u00d3pera Nacional de B\u00e9lgica (Ballet du xxe Si\u00e8cle) (B\u00e9lgica)<\/p>\n<hr style=\"border-top: solid 1px #508ED5;\" \/>\n<p style=\"padding-top: 1%;\"><span style=\"font-weight: bold;\">1968<\/span>\u00a0\u00a0\u00a0American Ballet Theater (EE.UU.)<\/p>\n<hr style=\"border-top: solid 1px #508ED5;\" \/>\n<p style=\"padding-top: 1%;\"><span style=\"font-weight: bold;\">1971<\/span>\u00a0\u00a0\u00a0Ballet Nacional Djoliba (Rep\u00fablica de Guinea)<\/p>\n<hr style=\"border-top: solid 1px #508ED5;\" \/>\n<p style=\"padding-top: 1%;\"><span style=\"font-weight: bold;\">1972<\/span>\u00a0\u00a0\u00a0Gran Ballet del Teatro Nacional de la \u00d3pera de Par\u00eds (Grand Ballet du Th\u00e9\u00e2tre National de l&#8217;Opera de Paris) (Francia)<\/p>\n<hr style=\"border-top: solid 1px #508ED5;\" \/>\n<p style=\"padding-top: 1%;\"><span style=\"font-weight: bold;\">1973<\/span>\u00a0\u00a0\u00a0Ballet del Teatro Estatal Wuttemberg de Stuttgart (Ballet der Wurttembergischen Staatstheater Stuttgart (Alemania)<\/p>\n<hr style=\"border-top: solid 1px #508ED5;\" \/>\n<p style=\"padding-top: 1%;\"><span style=\"font-weight: bold;\">1975<\/span>\u00a0\u00a0\u00a0Real Ballet del Reino Unido (Royal Ballet) (Reino Unido)<\/p>\n<hr style=\"border-top: solid 1px #508ED5;\" \/>\n<p style=\"padding-top: 1%;\"><span style=\"font-weight: bold;\">1978<\/span>\u00a0\u00a0\u00a0Ballet del Siglo xx del Teatro Real de la Monnaie, \u00d3pera Nacional de B\u00e9lgica (Ballet du xxe Siecle) (B\u00e9lgica)<\/p>\n<hr style=\"border-top: solid 1px #508ED5;\" \/>\n<p style=\"padding-top: 1%;\"><span style=\"font-weight: bold;\">1984<\/span>\u00a0\u00a0\u00a0Grandes Ballets Canadienses (Les Grands Ballets Canadiens) (Canad\u00e1)<\/p>\n<hr style=\"border-top: solid 1px #508ED5;\" \/>\n<p style=\"padding-top: 1%;\"><span style=\"font-weight: bold;\">1986<\/span>\u00a0\u00a0\u00a0John Neumeier y el Ballet de Hamburgo (Alemania)<\/p>\n<hr style=\"border-top: solid 1px #508ED5;\" \/>\n<p style=\"padding-top: 1%;\"><span style=\"font-weight: bold;\">1989<\/span>\u00a0\u00a0\u00a0John Neumeier y el Ballet de Hamburgo (Alemania)<\/p>\n<hr style=\"border-top: solid 1px #508ED5;\" \/>\n<p style=\"padding-top: 1%;\"><span style=\"font-weight: bold;\">1990<\/span>\u00a0\u00a0\u00a0Compa\u00f1\u00eda Neerlandesa de Danzas (Nederlands Dans Theater) (Pa\u00edses Bajos)<\/p>\n<hr style=\"border-top: solid 1px #508ED5;\" \/>\n<p style=\"padding-top: 1%;\"><span style=\"font-weight: bold;\">1991<\/span>\u00a0\u00a0\u00a0Ballet Nacional de Cuba<\/p>\n<hr style=\"border-top: solid 1px #508ED5;\" \/>\n<p style=\"padding-top: 1%;\"><span style=\"font-weight: bold;\">1993<\/span>\u00a0\u00a0\u00a0Ballet de las Filipinas<\/p>\n<hr style=\"border-top: solid 1px #508ED5;\" \/>\n<p style=\"padding-top: 1%;\"><span style=\"font-weight: bold;\">1993<\/span>\u00a0\u00a0\u00a0Ballet del Teatro Laterna Magika (Rep\u00fablica Checa)<\/p>\n<hr style=\"border-top: solid 1px #508ED5;\" \/>\n<p style=\"padding-top: 1%;\"><span style=\"font-weight: bold;\">1993<\/span>\u00a0\u00a0\u00a0Compa\u00f1\u00eda Neerlandesa de Danzas (Nederlands Dans Theater) (Pa\u00edses Bajos)<\/p>\n<hr style=\"border-top: solid 1px #508ED5;\" \/>\n<p style=\"padding-top: 1%;\"><span style=\"font-weight: bold;\">1994<\/span>\u00a0\u00a0\u00a0John Neumeier y el Ballet de Hamburgo (Alemania)<\/p>\n<hr style=\"border-top: solid 1px #508ED5;\" \/>\n<p style=\"padding-top: 1%;\"><span style=\"font-weight: bold;\">1995<\/span>\u00a0\u00a0\u00a0Real Ballet de Winnipeg (Royal Winnipeg Ballet) (Canad\u00e1)<\/p>\n<hr style=\"border-top: solid 1px #508ED5;\" \/>\n<p style=\"padding-top: 1%;\"><span style=\"font-weight: bold;\">1997<\/span>\u00a0\u00a0\u00a0John Neumeier y el Ballet de Hamburgo (Alemania)<\/p>\n<hr style=\"border-top: solid 1px #508ED5;\" \/>\n<p style=\"padding-top: 1%;\"><span style=\"font-weight: bold;\">1998<\/span>\u00a0\u00a0\u00a0Ballet de las Filipinas<\/p>\n<hr style=\"border-top: solid 1px #508ED5;\" \/>\n<p style=\"padding-top: 1%;\"><span style=\"font-weight: bold;\">2005<\/span>\u00a0\u00a0\u00a0John Neumeier y el Ballet de Hamburgo (Alemania)<\/p>\n<hr style=\"border-top: solid 1px #508ED5;\" \/>\n<p style=\"padding-top: 1%;\"><span style=\"font-weight: bold;\">2009<\/span>\u00a0\u00a0\u00a0John Neumeier y el Ballet de Hamburgo (Alemania)<\/p>\n<p>[\/et_pb_text][\/et_pb_column][\/et_pb_row][\/et_pb_section]<\/p>\n","protected":false},"excerpt":{"rendered":"<p>Ballet <div class=\"et_pb_row et_pb_row_0 et_pb_row_empty\">\n\t\t\t\t\n\t\t\t\t\n\t\t\t\t\n\t\t\t\t\n\t\t\t\t\n\t\t\t<\/div> S\u00e9 que cuando salgo a escena, doy todo lo que tengo; no solo mis pies, no solo mis piernas, no solo mi cuerpo. Intento narrar una historia. A veces, el sentimiento me hace llorar. A veces, el sentimiento me hace amar. \u2014 Sylvie Guillam El ballet es una expresi\u00f3n formalista de la danza [&hellip;]<\/p>\n","protected":false},"author":1,"featured_media":0,"parent":0,"menu_order":0,"comment_status":"closed","ping_status":"closed","template":"","meta":{"_et_pb_use_builder":"on","_et_pb_old_content":"","_et_gb_content_width":"","footnotes":""},"categories":[],"tags":[],"distributor_meta":false,"distributor_terms":false,"distributor_media":false,"distributor_original_site_name":"Spanish - Min-On Website","distributor_original_site_url":"https:\/\/www.min-on.org\/es","_links":{"self":[{"href":"https:\/\/www.min-on.org\/es\/wp-json\/wp\/v2\/pages\/2640"}],"collection":[{"href":"https:\/\/www.min-on.org\/es\/wp-json\/wp\/v2\/pages"}],"about":[{"href":"https:\/\/www.min-on.org\/es\/wp-json\/wp\/v2\/types\/page"}],"author":[{"embeddable":true,"href":"https:\/\/www.min-on.org\/es\/wp-json\/wp\/v2\/users\/1"}],"replies":[{"embeddable":true,"href":"https:\/\/www.min-on.org\/es\/wp-json\/wp\/v2\/comments?post=2640"}],"version-history":[{"count":52,"href":"https:\/\/www.min-on.org\/es\/wp-json\/wp\/v2\/pages\/2640\/revisions"}],"predecessor-version":[{"id":7741,"href":"https:\/\/www.min-on.org\/es\/wp-json\/wp\/v2\/pages\/2640\/revisions\/7741"}],"wp:attachment":[{"href":"https:\/\/www.min-on.org\/es\/wp-json\/wp\/v2\/media?parent=2640"}],"wp:term":[{"taxonomy":"category","embeddable":true,"href":"https:\/\/www.min-on.org\/es\/wp-json\/wp\/v2\/categories?post=2640"},{"taxonomy":"post_tag","embeddable":true,"href":"https:\/\/www.min-on.org\/es\/wp-json\/wp\/v2\/tags?post=2640"}],"curies":[{"name":"wp","href":"https:\/\/api.w.org\/{rel}","templated":true}]}}