{"id":2613,"date":"2018-06-25T11:48:28","date_gmt":"2018-06-25T11:48:28","guid":{"rendered":"http:\/\/min-on.matthewbyrt.com\/?page_id=2613"},"modified":"2018-11-02T09:33:55","modified_gmt":"2018-11-02T09:33:55","slug":"opera","status":"publish","type":"page","link":"https:\/\/www.min-on.org\/es\/opera\/","title":{"rendered":"\u00d3pera"},"content":{"rendered":"<p>[et_pb_section bb_built=\u00bb1&#8243; next_background_color=\u00bb#000000&#8243; _builder_version=\u00bb3.7&#8243; custom_padding=\u00bb||0px|\u00bb][et_pb_row _builder_version=\u00bb3.11&#8243; custom_padding=\u00bb0px|||\u00bb][et_pb_column type=\u00bb4_4&#8243;][et_pb_text _builder_version=\u00bb3.12&#8243;]<\/p>\n<h1>\u00d3pera<\/h1>\n<p>[\/et_pb_text][\/et_pb_column][\/et_pb_row][et_pb_row _builder_version=\u00bb3.9&#8243;][et_pb_column type=\u00bb4_4&#8243;][et_pb_image _builder_version=\u00bb3.7&#8243; src=\u00bbhttps:\/\/www.min-on.org\/es\/wp-content\/uploads\/sites\/4\/2018\/06\/main-image-opera.jpg\u00bb force_fullwidth=\u00bbon\u00bb show_bottom_space=\u00bboff\u00bb \/][\/et_pb_column][\/et_pb_row][et_pb_row][et_pb_column type=\u00bb4_4&#8243;][et_pb_text _builder_version=\u00bb3.12&#8243;]<\/p>\n<h2 style=\"line-height: 36px;\">\u00abUna \u00f3pera comienza mucho antes de que se levante el tel\u00f3n, y termina mucho despu\u00e9s de que \u00e9ste caiga. Se inicia en mi imaginaci\u00f3n, se encarna en mi vida y sigue siendo parte de ella cuando salgo del teatro\u00bb <span style=\"font-size: 16px; font-weight: bold;\">\u2014 Maria Callas<\/span><\/h2>\n<p>[\/et_pb_text][\/et_pb_column][\/et_pb_row][\/et_pb_section][et_pb_section bb_built=\u00bb1&#8243; specialty=\u00bboff\u00bb prev_background_color=\u00bb#000000&#8243; _builder_version=\u00bb3.7&#8243; custom_padding=\u00bb0px|||\u00bb next_background_color=\u00bb#000000&#8243; collapsed=\u00bbon\u00bb disabled_on=\u00bbon|on|on\u00bb disabled=\u00bbon\u00bb][et_pb_row][et_pb_column type=\u00bb1_2&#8243;][et_pb_text _builder_version=\u00bb3.15&#8243;]<\/p>\n<p>La \u00f3pera es la consumaci\u00f3n art\u00edstica de la m\u00fasica y del teatro; es el pin\u00e1culo de la belleza, donde se fusionan las arias y el coro, la declamaci\u00f3n y la actuaci\u00f3n, el baile y la interpretaci\u00f3n orquestal. Concierta los elementos esenciales de la presencia teatral y de la m\u00fasica cl\u00e1sica en vivo, amalgamando direcci\u00f3n esc\u00e9nica y orquestal, canto, m\u00fasica y actuaci\u00f3n, escenograf\u00eda, utiler\u00eda y vestuario, y tambi\u00e9n administraci\u00f3n y gesti\u00f3n cultural.<\/p>\n<p>El gran proyecto de Min-On para celebrar su primera d\u00e9cada de vida fue invitar al Jap\u00f3n a la \u00d3pera Estatal de Bavaria en M\u00fanich (Bayerische Staatsoper M\u00fcnchen), con la cual inici\u00f3 su Ciclo Min-On de \u00d3pera en 1974. Los 330 integrantes de la \u00d3pera de M\u00fanich deleitaron a los amantes japoneses del g\u00e9nero con un programa de cuatro \u00f3peras y cuatro recitales especiales, desarrollado a lo largo de 22 funciones. El ciclo fue recibido con benepl\u00e1cito en el Jap\u00f3n, en una \u00e9poca en que las clases populares ten\u00edan limitado acceso al g\u00e9nero; de hecho, la iniciativa ayud\u00f3 a formar nuevas generaciones de amantes de la \u00f3pera, al ofrecer a un nuevo p\u00fablico la oportunidad de conocer y disfrutar de esta forma cl\u00e1sica del arte.<\/p>\n<p>Despu\u00e9s de la gira triunfal de la \u00d3pera Estatal de Bavaria en el Jap\u00f3n, Min-On llev\u00f3 al pa\u00eds, en la d\u00e9cada de 1980, tres puestas en escena espectaculares de las compa\u00f1\u00edas m\u00e1s celebradas del mundo: en 1980, invit\u00f3 a la \u00d3pera Estatal de Viena (Wiener Staatsoper); en 1981, al Teatro de la Scala de Mil\u00e1n (Teatro all\u00e1 Scala), Italia, y en 1986, a la \u00d3pera Real del Reino Unido (Royal Opera).<\/p>\n<p>La gira japonesa del Teatro de la Scala de Mil\u00e1n fue el proyecto m\u00e1s ambicioso de Min-On desde su fundaci\u00f3n. Aunque la idea inicial se hab\u00eda gestado en 1965, con el acuerdo del entonces administrador general de la compa\u00f1\u00eda, Antonio Ghiringhelli, debieron pasar 16 a\u00f1os para que el sue\u00f1o de una gira por el Jap\u00f3n se hiciera realidad. Se trat\u00f3 de una producci\u00f3n colosal, que involucr\u00f3 el traslado completo de toda la puesta \u2014escenograf\u00eda, utiler\u00eda y una compa\u00f1\u00eda de 500 t\u00e9cnicos y artistas\u2014 desde Italia hasta el Jap\u00f3n, pero que se tradujo en un espect\u00e1culo suntuoso, de calidad pocas veces vista en el pa\u00eds. Tiempo despu\u00e9s, en 1992, el p\u00fablico japon\u00e9s aclam\u00f3 el ciclo de producciones contempor\u00e1neas ofrecido por la \u00d3pera Metropolitana de Colonia (Oper der Stadt Koln), de Alemania.<\/p>\n<p>[\/et_pb_text][et_pb_image _builder_version=\u00bb3.12&#8243; src=\u00bbhttps:\/\/www.min-on.org\/es\/wp-content\/uploads\/sites\/4\/2018\/09\/Munchen.jpg\u00bb force_fullwidth=\u00bbon\u00bb show_bottom_space=\u00bboff\u00bb \/][et_pb_text _builder_version=\u00bb3.12&#8243;]<\/p>\n<p>\u00d3pera Estatal de Baviera en M\u00fanich (Bayerische Staatsoper M\u00fcnchen), 1974<\/p>\n<p>[\/et_pb_text][et_pb_image _builder_version=\u00bb3.12&#8243; src=\u00bbhttps:\/\/www.min-on.org\/es\/wp-content\/uploads\/sites\/4\/2018\/09\/Wiener-Staatsoper.jpg\u00bb force_fullwidth=\u00bbon\u00bb show_bottom_space=\u00bboff\u00bb \/][et_pb_text _builder_version=\u00bb3.12&#8243;]<\/p>\n<p>\u00d3pera Estatal de Viena (Wiener Staatsoper), 1980<\/p>\n<p>[\/et_pb_text][et_pb_image _builder_version=\u00bb3.12&#8243; src=\u00bbhttps:\/\/www.min-on.org\/es\/wp-content\/uploads\/sites\/4\/2018\/09\/Teatro-alla-Scala.jpg\u00bb force_fullwidth=\u00bbon\u00bb show_bottom_space=\u00bboff\u00bb \/][et_pb_text _builder_version=\u00bb3.12&#8243;]<\/p>\n<p>Teatro de La Scala de Mil\u00e1n (Teatro alla Scala), 1981<\/p>\n<p>[\/et_pb_text][et_pb_image _builder_version=\u00bb3.12&#8243; src=\u00bbhttps:\/\/www.min-on.org\/es\/wp-content\/uploads\/sites\/4\/2018\/09\/The-Royal-Opera.jpg\u00bb force_fullwidth=\u00bbon\u00bb show_bottom_space=\u00bboff\u00bb \/][et_pb_text _builder_version=\u00bb3.12&#8243;]<\/p>\n<p>\u00d3pera Real de Inglaterra (Royal Opera), 1986<\/p>\n<p>[\/et_pb_text][et_pb_image _builder_version=\u00bb3.12&#8243; src=\u00bbhttps:\/\/www.min-on.org\/es\/wp-content\/uploads\/sites\/4\/2018\/09\/Oper-der-Stadt-Koln-1.jpg\u00bb force_fullwidth=\u00bbon\u00bb show_bottom_space=\u00bboff\u00bb \/][et_pb_text _builder_version=\u00bb3.12&#8243;]<\/p>\n<p>\u00d3pera Metropolitana de Colonia (Oper der Stadt K\u00f6ln), 1992<\/p>\n<p>[\/et_pb_text][\/et_pb_column][et_pb_column type=\u00bb1_2&#8243;][et_pb_text _builder_version=\u00bb3.15&#8243;]<\/p>\n<h2>\u00d3pera Estatal de Baviera en M\u00fanich <\/h2>\n<p>(Bayerische Staatsoper M\u00fcnchen), 1974<\/p>\n<p><em>El caballero de la rosa<\/em> (Die Rosenkavalier), de Richard Strauss<br \/>\n<em>Don Juan<\/em> (Don Giovanni), de Wolfgang Amadeus Mozart<br \/>\n<em>La valquiria<\/em> (Walk\u00fcre), de Richard Wagner<br \/>\n<em>Las bodas de F\u00edgaro<\/em> (Le Nozze di Figaro), de Wolfgang Amadeus Mozart<br \/>\n<em>Concierto especial<\/em><\/p>\n<p>Administrador general: Dr. Gu\u0308nter Rennert<br \/>\nDirector musical: Prof. Wolfgang Sawalisch<br \/>\nDirectores: Wolfgang Sawalisch, Ferdinand Leitner, Carlos Kleiber<br \/>\nOrquesta: Orquesta de la \u00d3pera Estatal de Bavaria<br \/>\nCoro: Coro de la \u00d3pera Estatal de Bavaria<\/p>\n<hr style=\"border-top: solid 1px #508ED5;\" \/>\n<p>[\/et_pb_text][et_pb_text _builder_version=\u00bb3.15&#8243;]<\/p>\n<h2>\u00d3pera Estatal de Viena<\/h2>\n<p>(Wiener Staatsoper), 1980<\/p>\n<p><em>Las bodas de F\u00edgaro<\/em> (Le Nozze di Figaro), de Wolfgang Amadeus Mozart<br \/>\n<em>Salom\u00e9, de Richard Strauss<\/em><br \/>\n<em>Electra, de Richard Strauss<\/em><br \/>\n<em>Ariadna en Naxos<\/em> (Ariadne auf Naxos), de Richard Strauss<br \/>\n<em>El rapto en el serrallo<\/em> (Die Entf\u00fchrung aus dem Serail), de Wolfgang Amadeus Mozart<\/p>\n<p>Secretario general del Teatro Estatal de Austria: Robert Jungbluth<br \/>\nDirector: Prof. Dr. Egon Seefehlner<br \/>\nDirectores de orquesta: Dr. Karl B\u00f6hm, Theodor Guschlbauer, Prof. Heinrich Hollreiser, Horst Stein<br \/>\nOrquesta: Orquesta de la \u00d3pera Estatal de Viena<br \/>\nCoro: Coro de la \u00d3pera Estatal de Viena<\/p>\n<hr style=\"border-top: solid 1px #508ED5;\">\n<p>[\/et_pb_text][et_pb_text _builder_version=\u00bb3.15&#8243;]<\/p>\n<h2>Teatro de La Scala de Mil\u00e1n<\/h2>\n<p>(Teatro alla Scala), 1981<\/p>\n<p><em>Sim\u00f3n Boccanegra<\/em>, de Giuseppe Verdi<br \/>\n<em>Otello<\/em>, de Giuseppe Verdi<br \/>\n<em>El barbero de Sevilla<\/em> (Il barbiere di Siviglia), de Gioacchino Rossini<br \/>\n<em>La Boh\u00e8me<\/em>, de Giacomo Puccini<br \/>\nConcierto especial: <em>Misa de R\u00e9quiem<\/em>, de Giuseppe Verdi<br \/>\nConcierto especial: <em>Peque\u00f1a misa solemne<\/em>, de Gioacchino Rossini<\/p>\n<p>Administrador general: Carlo Maria Badini<br \/>\nDirector art\u00edstico: Francesco Siciliani<br \/>\nSecretario general: Francesco Ernani<br \/>\nDirectores: Claudio Abbado, Carlos Kleiber<br \/>\nOrquesta: Orquesta del Teatro de La Scala<br \/>\nCoro: Coro del Teatro de La Scala<\/p>\n<hr style=\"border-top: solid 1px #508ED5;\">\n<p>[\/et_pb_text][et_pb_text _builder_version=\u00bb3.15&#8243;]<\/p>\n<h2>\u00d3pera Real del Reino Unido<\/h2>\n<p>(Royal Opera), 1986<\/p>\n<p><em>Carmen<\/em>, de Georges Bizet<br \/>\n<em>Sans\u00f3n y Dalila<\/em> (Samson et Dalila), de Camille Saint-Sa\u00ebns<br \/>\n<em>La escuela de los amantes<\/em> (Cos\u00ec fan tutte), de Wolfgang Amadeus Mozart<\/p>\n<p>Director general: Sir John Tooley<br \/>\nDirectores: Jacques Delac\u00f4te, Mark Ermler, Gabriel Ferro<br \/>\nOrquesta: Orquesta de la \u00d3pera Real<br \/>\nCoro: Coro de la \u00d3pera Real<\/p>\n<hr style=\"border-top: solid 1px #508ED5;\">\n<p>[\/et_pb_text][et_pb_text _builder_version=\u00bb3.15&#8243;]<\/p>\n<h2>\u00d3pera Metropolitana de Colonia<\/h2>\n<p>(Oper der Stadt K\u00f6ln), 1992<\/p>\n<p><em>El holand\u00e9s errante<\/em> (Der fliegende Holl\u00e4nder), de Richard Wagner<br \/>\n<em>El rapto en el serrallo<\/em> (Die Entf\u00fchrung aus dem Serail), de Wolfgang Amadeus Mozart<br \/>\n<em>Lady Macbeth de Mtensk<\/em> (Ledi M\u00e1kbet Mts\u00e9nskogo Uyezda), de Dimitri Shostakovich<\/p>\n<p>Director general: Michael Hampe<br \/>\nDirector musical y de la orquesta: James Conlon<br \/>\nOrquesta: Orquesta del Teatro G\u00fcrzenich de Colonia (G\u00fcrzenich Orchester K\u00f6ln)<br \/>\nCoro: Coro de la \u00d3pera de la Ciudad de Colonia<\/p>\n<hr style=\"border-top: solid 1px #508ED5;\">\n<p>[\/et_pb_text][\/et_pb_column][\/et_pb_row][\/et_pb_section][et_pb_section bb_built=\u00bb1&#8243; specialty=\u00bboff\u00bb prev_background_color=\u00bb#000000&#8243; _builder_version=\u00bb3.7&#8243; custom_padding=\u00bb0px|||\u00bb][et_pb_row][et_pb_column type=\u00bb4_4&#8243;][et_pb_text _builder_version=\u00bb3.15&#8243;]<\/p>\n<p>La \u00f3pera es la consumaci\u00f3n art\u00edstica de la m\u00fasica y del teatro; es el pin\u00e1culo de la belleza, donde se fusionan las arias y el coro, la declamaci\u00f3n y la actuaci\u00f3n, el baile y la interpretaci\u00f3n orquestal. Concierta los elementos esenciales de la presencia teatral y de la m\u00fasica cl\u00e1sica en vivo, amalgamando direcci\u00f3n esc\u00e9nica y orquestal, canto, m\u00fasica y actuaci\u00f3n, escenograf\u00eda, utiler\u00eda y vestuario, y tambi\u00e9n administraci\u00f3n y gesti\u00f3n cultural.<\/p>\n<p>El gran proyecto de Min-On para celebrar su primera d\u00e9cada de vida fue invitar al Jap\u00f3n a la \u00d3pera Estatal de Bavaria en M\u00fanich (Bayerische Staatsoper M\u00fcnchen), con la cual inici\u00f3 su Ciclo Min-On de \u00d3pera en 1974. Los 330 integrantes de la \u00d3pera de M\u00fanich deleitaron a los amantes japoneses del g\u00e9nero con un programa de cuatro \u00f3peras y cuatro recitales especiales, desarrollado a lo largo de 22 funciones. El ciclo fue recibido con benepl\u00e1cito en el Jap\u00f3n, en una \u00e9poca en que las clases populares ten\u00edan limitado acceso al g\u00e9nero; de hecho, la iniciativa ayud\u00f3 a formar nuevas generaciones de amantes de la \u00f3pera, al ofrecer a un nuevo p\u00fablico la oportunidad de conocer y disfrutar de esta forma cl\u00e1sica del arte.<\/p>\n<p>Despu\u00e9s de la gira triunfal de la \u00d3pera Estatal de Bavaria en el Jap\u00f3n, Min-On llev\u00f3 al pa\u00eds, en la d\u00e9cada de 1980, tres puestas en escena espectaculares de las compa\u00f1\u00edas m\u00e1s celebradas del mundo: en 1980, invit\u00f3 a la \u00d3pera Estatal de Viena (Wiener Staatsoper); en 1981, al Teatro de la Scala de Mil\u00e1n (Teatro all\u00e1 Scala), Italia, y en 1986, a la \u00d3pera Real del Reino Unido (Royal Opera).<\/p>\n<p>La gira japonesa del Teatro de la Scala de Mil\u00e1n fue el proyecto m\u00e1s ambicioso de Min-On desde su fundaci\u00f3n. Aunque la idea inicial se hab\u00eda gestado en 1965, con el acuerdo del entonces administrador general de la compa\u00f1\u00eda, Antonio Ghiringhelli, debieron pasar 16 a\u00f1os para que el sue\u00f1o de una gira por el Jap\u00f3n se hiciera realidad. Se trat\u00f3 de una producci\u00f3n colosal, que involucr\u00f3 el traslado completo de toda la puesta \u2014escenograf\u00eda, utiler\u00eda y una compa\u00f1\u00eda de 500 t\u00e9cnicos y artistas\u2014 desde Italia hasta el Jap\u00f3n, pero que se tradujo en un espect\u00e1culo suntuoso, de calidad pocas veces vista en el pa\u00eds. Tiempo despu\u00e9s, en 1992, el p\u00fablico japon\u00e9s aclam\u00f3 el ciclo de producciones contempor\u00e1neas ofrecido por la \u00d3pera Metropolitana de Colonia (Oper der Stadt Koln), de Alemania.<\/p>\n<p>[\/et_pb_text][\/et_pb_column][\/et_pb_row][et_pb_row][et_pb_column type=\u00bb1_2&#8243;][et_pb_image _builder_version=\u00bb3.15&#8243; src=\u00bbhttps:\/\/www.min-on.org\/es\/wp-content\/uploads\/sites\/4\/2018\/11\/Munchen.jpg\u00bb force_fullwidth=\u00bbon\u00bb show_bottom_space=\u00bboff\u00bb show_in_lightbox=\u00bbon\u00bb \/][\/et_pb_column][et_pb_column type=\u00bb1_2&#8243;][et_pb_text _builder_version=\u00bb3.15&#8243;]<\/p>\n<h2>\u00d3pera Estatal de Baviera en M\u00fanich <\/h2>\n<p>(Bayerische Staatsoper M\u00fcnchen), 1974<\/p>\n<p><em>El caballero de la rosa<\/em> (Die Rosenkavalier), de Richard Strauss<br \/>\n<em>Don Juan<\/em> (Don Giovanni), de Wolfgang Amadeus Mozart<br \/>\n<em>La valquiria<\/em> (Walk\u00fcre), de Richard Wagner<br \/>\n<em>Las bodas de F\u00edgaro<\/em> (Le Nozze di Figaro), de Wolfgang Amadeus Mozart<br \/>\n<em>Concierto especial<\/em><\/p>\n<p>Administrador general: Dr. Gu\u0308nter Rennert<br \/>\nDirector musical: Prof. Wolfgang Sawalisch<br \/>\nDirectores: Wolfgang Sawalisch, Ferdinand Leitner, Carlos Kleiber<br \/>\nOrquesta: Orquesta de la \u00d3pera Estatal de Bavaria<br \/>\nCoro: Coro de la \u00d3pera Estatal de Bavaria<\/p>\n<p>[\/et_pb_text][\/et_pb_column][\/et_pb_row][et_pb_row][et_pb_column type=\u00bb1_2&#8243;][et_pb_image _builder_version=\u00bb3.15&#8243; src=\u00bbhttps:\/\/www.min-on.org\/es\/wp-content\/uploads\/sites\/4\/2018\/11\/Wiener-Staatsoper.jpg\u00bb force_fullwidth=\u00bbon\u00bb show_bottom_space=\u00bboff\u00bb show_in_lightbox=\u00bbon\u00bb \/][\/et_pb_column][et_pb_column type=\u00bb1_2&#8243;][et_pb_text _builder_version=\u00bb3.15&#8243;]<\/p>\n<h2>\u00d3pera Estatal de Viena<\/h2>\n<p>(Wiener Staatsoper), 1980<\/p>\n<p><em>Las bodas de F\u00edgaro<\/em> (Le Nozze di Figaro), de Wolfgang Amadeus Mozart<br \/>\n<em>Salom\u00e9, de Richard Strauss<\/em><br \/>\n<em>Electra, de Richard Strauss<\/em><br \/>\n<em>Ariadna en Naxos<\/em> (Ariadne auf Naxos), de Richard Strauss<br \/>\n<em>El rapto en el serrallo<\/em> (Die Entf\u00fchrung aus dem Serail), de Wolfgang Amadeus Mozart<\/p>\n<p>Secretario general del Teatro Estatal de Austria: Robert Jungbluth<br \/>\nDirector: Prof. Dr. Egon Seefehlner<br \/>\nDirectores de orquesta: Dr. Karl B\u00f6hm, Theodor Guschlbauer, Prof. Heinrich Hollreiser, Horst Stein<br \/>\nOrquesta: Orquesta de la \u00d3pera Estatal de Viena<br \/>\nCoro: Coro de la \u00d3pera Estatal de Viena<\/p>\n<p>[\/et_pb_text][\/et_pb_column][\/et_pb_row][et_pb_row][et_pb_column type=\u00bb1_2&#8243;][et_pb_image _builder_version=\u00bb3.15&#8243; src=\u00bbhttps:\/\/www.min-on.org\/es\/wp-content\/uploads\/sites\/4\/2018\/11\/Teatro-alla-Scala.jpg\u00bb force_fullwidth=\u00bbon\u00bb show_bottom_space=\u00bboff\u00bb show_in_lightbox=\u00bbon\u00bb \/][\/et_pb_column][et_pb_column type=\u00bb1_2&#8243;][et_pb_text _builder_version=\u00bb3.15&#8243;]<\/p>\n<h2>Teatro de La Scala de Mil\u00e1n<\/h2>\n<p>(Teatro alla Scala), 1981<\/p>\n<p><em>Sim\u00f3n Boccanegra<\/em>, de Giuseppe Verdi<br \/>\n<em>Otello<\/em>, de Giuseppe Verdi<br \/>\n<em>El barbero de Sevilla<\/em> (Il barbiere di Siviglia), de Gioacchino Rossini<br \/>\n<em>La Boh\u00e8me<\/em>, de Giacomo Puccini<br \/>\nConcierto especial: <em>Misa de R\u00e9quiem<\/em>, de Giuseppe Verdi<br \/>\nConcierto especial: <em>Peque\u00f1a misa solemne<\/em>, de Gioacchino Rossini<\/p>\n<p>Administrador general: Carlo Maria Badini<br \/>\nDirector art\u00edstico: Francesco Siciliani<br \/>\nSecretario general: Francesco Ernani<br \/>\nDirectores: Claudio Abbado, Carlos Kleiber<br \/>\nOrquesta: Orquesta del Teatro de La Scala<br \/>\nCoro: Coro del Teatro de La Scala<\/p>\n<p>[\/et_pb_text][\/et_pb_column][\/et_pb_row][et_pb_row][et_pb_column type=\u00bb1_2&#8243;][et_pb_image _builder_version=\u00bb3.15&#8243; src=\u00bbhttps:\/\/www.min-on.org\/es\/wp-content\/uploads\/sites\/4\/2018\/11\/The-Royal-Opera.jpg\u00bb force_fullwidth=\u00bbon\u00bb show_bottom_space=\u00bboff\u00bb show_in_lightbox=\u00bbon\u00bb \/][\/et_pb_column][et_pb_column type=\u00bb1_2&#8243;][et_pb_text _builder_version=\u00bb3.15&#8243;]<\/p>\n<h2>\u00d3pera Real del Reino Unido<\/h2>\n<p>(Royal Opera), 1986<\/p>\n<p><em>Carmen<\/em>, de Georges Bizet<br \/>\n<em>Sans\u00f3n y Dalila<\/em> (Samson et Dalila), de Camille Saint-Sa\u00ebns<br \/>\n<em>La escuela de los amantes<\/em> (Cos\u00ec fan tutte), de Wolfgang Amadeus Mozart<\/p>\n<p>Director general: Sir John Tooley<br \/>\nDirectores: Jacques Delac\u00f4te, Mark Ermler, Gabriel Ferro<br \/>\nOrquesta: Orquesta de la \u00d3pera Real<br \/>\nCoro: Coro de la \u00d3pera Real<\/p>\n<p>[\/et_pb_text][\/et_pb_column][\/et_pb_row][et_pb_row][et_pb_column type=\u00bb1_2&#8243;][et_pb_image _builder_version=\u00bb3.15&#8243; src=\u00bbhttps:\/\/www.min-on.org\/es\/wp-content\/uploads\/sites\/4\/2018\/11\/Oper-der-Stadt-Koln.jpg\u00bb force_fullwidth=\u00bbon\u00bb show_in_lightbox=\u00bbon\u00bb \/][\/et_pb_column][et_pb_column type=\u00bb1_2&#8243;][et_pb_text _builder_version=\u00bb3.15&#8243;]<\/p>\n<h2>\u00d3pera Metropolitana de Colonia<\/h2>\n<p>(Oper der Stadt K\u00f6ln), 1992<\/p>\n<p><em>El holand\u00e9s errante<\/em> (Der fliegende Holl\u00e4nder), de Richard Wagner<br \/>\n<em>El rapto en el serrallo<\/em> (Die Entf\u00fchrung aus dem Serail), de Wolfgang Amadeus Mozart<br \/>\n<em>Lady Macbeth de Mtensk<\/em> (Ledi M\u00e1kbet Mts\u00e9nskogo Uyezda), de Dimitri Shostakovich<\/p>\n<p>Director general: Michael Hampe<br \/>\nDirector musical y de la orquesta: James Conlon<br \/>\nOrquesta: Orquesta del Teatro G\u00fcrzenich de Colonia (G\u00fcrzenich Orchester K\u00f6ln)<br \/>\nCoro: Coro de la \u00d3pera de la Ciudad de Colonia<\/p>\n<p>[\/et_pb_text][\/et_pb_column][\/et_pb_row][\/et_pb_section]<\/p>\n","protected":false},"excerpt":{"rendered":"<p>\u00d3pera <div class=\"et_pb_row et_pb_row_0 et_pb_row_empty\">\n\t\t\t\t\n\t\t\t\t\n\t\t\t\t\n\t\t\t\t\n\t\t\t\t\n\t\t\t<\/div> \u00abUna \u00f3pera comienza mucho antes de que se levante el tel\u00f3n, y termina mucho despu\u00e9s de que \u00e9ste caiga. Se inicia en mi imaginaci\u00f3n, se encarna en mi vida y sigue siendo parte de ella cuando salgo del teatro\u00bb \u2014 Maria Callas <div class=\"et_pb_row et_pb_row_1 et_pb_row_empty\">\n\t\t\t\t\n\t\t\t\t\n\t\t\t\t\n\t\t\t\t\n\t\t\t\t\n\t\t\t<\/div> La \u00f3pera es la consumaci\u00f3n art\u00edstica de la m\u00fasica y [&hellip;]<\/p>\n","protected":false},"author":1,"featured_media":0,"parent":0,"menu_order":0,"comment_status":"closed","ping_status":"closed","template":"","meta":{"_et_pb_use_builder":"on","_et_pb_old_content":"","_et_gb_content_width":"","footnotes":""},"categories":[],"tags":[],"distributor_meta":false,"distributor_terms":false,"distributor_media":false,"distributor_original_site_name":"Spanish - Min-On Website","distributor_original_site_url":"https:\/\/www.min-on.org\/es","_links":{"self":[{"href":"https:\/\/www.min-on.org\/es\/wp-json\/wp\/v2\/pages\/2613"}],"collection":[{"href":"https:\/\/www.min-on.org\/es\/wp-json\/wp\/v2\/pages"}],"about":[{"href":"https:\/\/www.min-on.org\/es\/wp-json\/wp\/v2\/types\/page"}],"author":[{"embeddable":true,"href":"https:\/\/www.min-on.org\/es\/wp-json\/wp\/v2\/users\/1"}],"replies":[{"embeddable":true,"href":"https:\/\/www.min-on.org\/es\/wp-json\/wp\/v2\/comments?post=2613"}],"version-history":[{"count":38,"href":"https:\/\/www.min-on.org\/es\/wp-json\/wp\/v2\/pages\/2613\/revisions"}],"predecessor-version":[{"id":7733,"href":"https:\/\/www.min-on.org\/es\/wp-json\/wp\/v2\/pages\/2613\/revisions\/7733"}],"wp:attachment":[{"href":"https:\/\/www.min-on.org\/es\/wp-json\/wp\/v2\/media?parent=2613"}],"wp:term":[{"taxonomy":"category","embeddable":true,"href":"https:\/\/www.min-on.org\/es\/wp-json\/wp\/v2\/categories?post=2613"},{"taxonomy":"post_tag","embeddable":true,"href":"https:\/\/www.min-on.org\/es\/wp-json\/wp\/v2\/tags?post=2613"}],"curies":[{"name":"wp","href":"https:\/\/api.w.org\/{rel}","templated":true}]}}