{"id":2590,"date":"2018-06-25T10:18:41","date_gmt":"2018-06-25T10:18:41","guid":{"rendered":"http:\/\/min-on.matthewbyrt.com\/?page_id=2590"},"modified":"2024-01-04T06:44:46","modified_gmt":"2024-01-04T06:44:46","slug":"performing-arts","status":"publish","type":"page","link":"https:\/\/www.min-on.org\/es\/performing-arts\/","title":{"rendered":"Arte esc\u00e9nico"},"content":{"rendered":"<p>[et_pb_section bb_built=\u00bb1&#8243; next_background_color=\u00bb#000000&#8243; _builder_version=\u00bb3.10.1&#8243; custom_padding=\u00bb||0px|\u00bb inner_width=\u00bbauto\u00bb inner_max_width=\u00bb1080px\u00bb][et_pb_row _builder_version=\u00bb3.11&#8243; use_custom_gutter=\u00bbon\u00bb gutter_width=\u00bb1&#8243; make_equal=\u00bbon\u00bb disabled=\u00bboff\u00bb disabled_on=\u00bbon|on|\u00bb width=\u00bb80%\u00bb max_width=\u00bb1080px\u00bb][et_pb_column type=\u00bb1_2&#8243; background_color=\u00bb#a3abb5&#8243; custom_padding__hover=\u00bb|||\u00bb custom_padding=\u00bb|||\u00bb][et_pb_text _builder_version=\u00bb3.12&#8243; background_color=\u00bb#4a4a4a\u00bb custom_css_main_element=\u00bbpadding: 10%;||height: 95%;\u00bb text_orientation=\u00bbleft\u00bb]<\/p>\n<h1 style=\"color: white; font-size: 50px; padding-bottom: 7%;\">Arte esc\u00e9nico<\/h1>\n<h2 style=\"color: white; line-height: 32px;\">El prop\u00f3sito de Min-On es acercar la m\u00fasica de calidad \u2014cl\u00e1sica o moderna, tradicional o popular\u2014 a la mayor cantidad posible de mel\u00f3manos.<\/h2>\n<p>[\/et_pb_text][et_pb_code _builder_version=\u00bb4.23.1&#8243; custom_css_main_element=\u00bbheight: 5%; ||width: 100%;||background-color: #ae8ca3;\u00bb custom_padding=\u00bb0px||0px|\u00bb saved_tabs=\u00bball\u00bb background_pattern_color=\u00bbrgba(0,0,0,0.2)\u00bb background_mask_color=\u00bb#ffffff\u00bb box_shadow_horizontal_tablet=\u00bb0px\u00bb box_shadow_vertical_tablet=\u00bb0px\u00bb box_shadow_blur_tablet=\u00bb40px\u00bb box_shadow_spread_tablet=\u00bb0px\u00bb vertical_offset_tablet=\u00bb0&#8243; horizontal_offset_tablet=\u00bb0&#8243; z_index_tablet=\u00bb0&#8243;]<\/p>\n<div><\/div>\n<p>[\/et_pb_code][\/et_pb_column][et_pb_column type=\u00bb1_2&#8243; background_color=\u00bb#a3abb5&#8243; custom_padding__hover=\u00bb|||\u00bb custom_padding=\u00bb|||\u00bb background_image=\u00bbhttps:\/\/www.min-on.org\/es\/wp-content\/uploads\/sites\/4\/2011\/09\/main-image.jpg\u00bb][\/et_pb_column][\/et_pb_row][et_pb_row _builder_version=\u00bb3.11&#8243; use_custom_gutter=\u00bbon\u00bb gutter_width=\u00bb1&#8243; make_equal=\u00bbon\u00bb disabled=\u00bboff\u00bb disabled_on=\u00bb||on\u00bb width=\u00bb80%\u00bb max_width=\u00bb1080px\u00bb][et_pb_column type=\u00bb4_4&#8243; background_color=\u00bb#a3abb5&#8243; custom_padding__hover=\u00bb|||\u00bb custom_padding=\u00bb|||\u00bb][et_pb_text _builder_version=\u00bb3.12&#8243; background_color=\u00bb#4a4a4a\u00bb custom_css_main_element=\u00bbpadding: 10%;||height: 100%;\u00bb text_orientation=\u00bbleft\u00bb]<\/p>\n<h1 style=\"color: white; font-size: 50px; padding-bottom: 7%;\">Arte esc\u00e9nico<\/h1>\n<h2 style=\"color: white; line-height: 32px;\">El prop\u00f3sito de Min-On es acercar la m\u00fasica de calidad \u2014cl\u00e1sica o moderna, tradicional o popular\u2014 a la mayor cantidad posible de mel\u00f3manos.<br \/><\/h2>\n<p>[\/et_pb_text][et_pb_code _builder_version=\u00bb3.11&#8243; custom_css_main_element=\u00bbheight: 15px; ||width: 100%;||background-color: #ae8ca3;\u00bb custom_padding=\u00bb0px||0px|\u00bb saved_tabs=\u00bball\u00bb]<\/p>\n<div><\/div>\n<p>[\/et_pb_code][et_pb_image _builder_version=\u00bb3.11&#8243; src=\u00bbhttps:\/\/www.min-on.org\/es\/wp-content\/uploads\/sites\/4\/2011\/09\/main-image.jpg\u00bb align=\u00bbcenter\u00bb force_fullwidth=\u00bbon\u00bb align_last_edited=\u00bbon|desktop\u00bb align_tablet=\u00bbcenter\u00bb \/][\/et_pb_column][\/et_pb_row][et_pb_row][et_pb_column type=\u00bb1_2&#8243; custom_padding__hover=\u00bb|||\u00bb custom_padding=\u00bb|||\u00bb][et_pb_text _builder_version=\u00bb3.12&#8243; width=\u00bb80%\u00bb max_width=\u00bb1080px\u00bb text_orientation=\u00bbleft\u00bb]<\/p>\n<p>\n\u00abSi, en la transici\u00f3n del siglo xx al siglo xxi, uno de los retos m\u00e1s complejos que debe afrontar la humanidad es aprender a empatizar con los cong\u00e9neres y desterrar de la faz de este mundo las sangrientas matanzas que tanto hemos padecido, creo que el destino de la m\u00fasica es ser uno de los medios clave para acometer dicha tarea.\u00bb<\/p>\n<p>\u00abLa m\u00fasica habla directamente al coraz\u00f3n humano; llega al alma a trav\u00e9s de las ondas de sonido, sin intermediaci\u00f3n de la l\u00f3gica, las teor\u00edas o las racionalizaciones. M\u00e1s all\u00e1 de los discursos sobre el supuesto \u00abbuen gusto\u00bb o \u00abmal gusto\u00bb, uno sabe si algo le gusta con solo escucharlo, se trate de una sinfon\u00eda o de un concierto, de m\u00fasica popular o de una tonada folkl\u00f3rica.\u00bb<\/p>\n<p>[\/et_pb_text][\/et_pb_column][et_pb_column type=\u00bb1_2&#8243; custom_padding__hover=\u00bb|||\u00bb custom_padding=\u00bb|||\u00bb][et_pb_text _builder_version=\u00bb3.12&#8243; width=\u00bb80%\u00bb max_width=\u00bb1080px\u00bb text_orientation=\u00bbleft\u00bb]<\/p>\n<p>\n\u00abLa m\u00fasica tiene el poder de generar consonancias entre el coraz\u00f3n de las personas, trascender las diferencias de aspecto, idioma, cultura e, incluso, superar las barreras entre las civilizaciones.\u00bb &#8211; <span style=\"font-size: 13.5px; font-weight: 700;\">Daisaku Ikeda<\/span><br \/><span class=\"perspectiveQuote\">Ikeda Daisaku zenshu (Obras completas), Tokio: Seikyo Shimbunsha, 1968, vol. 18, p\u00e1gs. 62-64. Traducci\u00f3n indirecta del japon\u00e9s.<\/span><\/p>\n<p>La Asociaci\u00f3n ha invitado a centenares de m\u00fasicos y artistas prominentes del mundo, y ha auspiciado miles de conciertos de los m\u00e1s variados g\u00e9neros interpretativos, con la visi\u00f3n de nutrir un movimiento musical y cultural de diversidad multifac\u00e9tica.<\/p>\n<p>[\/et_pb_text][\/et_pb_column][\/et_pb_row][\/et_pb_section][et_pb_section bb_built=\u00bb1&#8243; specialty=\u00bboff\u00bb prev_background_color=\u00bb#000000&#8243; _builder_version=\u00bb3.9&#8243; custom_padding=\u00bb0px|||\u00bb next_background_color=\u00bb#000000&#8243; inner_width=\u00bbauto\u00bb inner_max_width=\u00bb1080px\u00bb][et_pb_row _builder_version=\u00bb3.12&#8243; module_id=\u00bbtrialHover2&#8243; width=\u00bb80%\u00bb max_width=\u00bb1080px\u00bb][et_pb_column type=\u00bb1_3&#8243; module_id=\u00bboperaClick\u00bb module_class=\u00bblandingHover\u00bb background_color=\u00bb#ae8ca3&#8243; custom_padding__hover=\u00bb|||\u00bb custom_padding=\u00bb|||\u00bb][et_pb_image _builder_version=\u00bb3.12&#8243; src=\u00bbhttps:\/\/www.min-on.org\/es\/wp-content\/uploads\/sites\/4\/2011\/09\/boxes-image-opera-e1529922784498.jpg\u00bb align=\u00bbcenter\u00bb force_fullwidth=\u00bbon\u00bb show_bottom_space=\u00bboff\u00bb align_last_edited=\u00bbon|desktop\u00bb align_tablet=\u00bbcenter\u00bb \/][et_pb_text _builder_version=\u00bb3.15&#8243; text_orientation=\u00bbleft\u00bb]<\/p>\n<h3 style=\"color: white; padding-top: 5%; padding-bottom: 5%; text-align: center;\">\u00d3pera<br \/>&nbsp;<\/h3>\n<p>[\/et_pb_text][\/et_pb_column][et_pb_column type=\u00bb1_3&#8243; module_id=\u00bbballetClick\u00bb module_class=\u00bblandingHover\u00bb background_color=\u00bb#ae8ca3&#8243; custom_padding__hover=\u00bb|||\u00bb custom_padding=\u00bb|||\u00bb][et_pb_image _builder_version=\u00bb3.7&#8243; src=\u00bbhttps:\/\/www.min-on.org\/es\/wp-content\/uploads\/sites\/4\/2011\/09\/boxes-image-ballet-e1529924160150.jpg\u00bb align=\u00bbcenter\u00bb force_fullwidth=\u00bbon\u00bb show_bottom_space=\u00bboff\u00bb align_last_edited=\u00bbon|desktop\u00bb align_tablet=\u00bbcenter\u00bb \/][et_pb_text _builder_version=\u00bb3.15&#8243; text_orientation=\u00bbleft\u00bb]<\/p>\n<h3 style=\"color: white; padding-top: 5%; padding-bottom: 5%; text-align: center;\">Ballet<br \/>&nbsp;<\/h3>\n<p>[\/et_pb_text][\/et_pb_column][et_pb_column type=\u00bb1_3&#8243; module_id=\u00bborchestralClick\u00bb module_class=\u00bblandingHover\u00bb background_color=\u00bb#ae8ca3&#8243; custom_padding__hover=\u00bb|||\u00bb custom_padding=\u00bb|||\u00bb][et_pb_image _builder_version=\u00bb3.7&#8243; src=\u00bbhttps:\/\/www.min-on.org\/es\/wp-content\/uploads\/sites\/4\/2011\/09\/boxes-image-orchestral-e1529924181756.jpg\u00bb align=\u00bbcenter\u00bb force_fullwidth=\u00bbon\u00bb show_bottom_space=\u00bboff\u00bb align_last_edited=\u00bbon|desktop\u00bb align_tablet=\u00bbcenter\u00bb \/][et_pb_text _builder_version=\u00bb3.15&#8243; text_orientation=\u00bbleft\u00bb]<\/p>\n<h3 style=\"color: white; padding-top: 5%; padding-bottom: 5%; text-align: center;\">M\u00fasica <br \/>orquestal<\/h3>\n<p>[\/et_pb_text][\/et_pb_column][\/et_pb_row][et_pb_row _builder_version=\u00bb3.12&#8243; module_id=\u00bbtrialHover2&#8243; width=\u00bb80%\u00bb max_width=\u00bb1080px\u00bb][et_pb_column type=\u00bb1_3&#8243; module_id=\u00bbchoralClick\u00bb module_class=\u00bblandingHover\u00bb background_color=\u00bb#ae8ca3&#8243; custom_padding__hover=\u00bb|||\u00bb custom_padding=\u00bb|||\u00bb][et_pb_image _builder_version=\u00bb3.7&#8243; src=\u00bbhttps:\/\/www.min-on.org\/es\/wp-content\/uploads\/sites\/4\/2011\/09\/boxes-image-choral-e1529924201128.jpg\u00bb align=\u00bbcenter\u00bb force_fullwidth=\u00bbon\u00bb show_bottom_space=\u00bboff\u00bb align_last_edited=\u00bbon|desktop\u00bb align_tablet=\u00bbcenter\u00bb \/][et_pb_text _builder_version=\u00bb3.15&#8243; text_orientation=\u00bbleft\u00bb]<\/p>\n<h3 style=\"color: white; padding-top: 5%; padding-bottom: 5%; text-align: center;\">M\u00fasica <br \/>coral<\/h3>\n<p>[\/et_pb_text][\/et_pb_column][et_pb_column type=\u00bb1_3&#8243; module_id=\u00bblatinClick\u00bb module_class=\u00bblandingHover\u00bb background_color=\u00bb#ae8ca3&#8243; custom_padding__hover=\u00bb|||\u00bb custom_padding=\u00bb|||\u00bb][et_pb_image _builder_version=\u00bb3.7&#8243; src=\u00bbhttps:\/\/www.min-on.org\/es\/wp-content\/uploads\/sites\/4\/2011\/09\/boxes-image-latin-e1529924220369.jpg\u00bb align=\u00bbcenter\u00bb force_fullwidth=\u00bbon\u00bb show_bottom_space=\u00bboff\u00bb align_last_edited=\u00bbon|desktop\u00bb align_tablet=\u00bbcenter\u00bb \/][et_pb_text _builder_version=\u00bb3.15&#8243; text_orientation=\u00bbleft\u00bb]<\/p>\n<h3 style=\"color: white; padding-top: 5%; padding-bottom: 5%; text-align: center;\">Tango y M\u00fasica <br \/>Latina<\/h3>\n<p>[\/et_pb_text][\/et_pb_column][et_pb_column type=\u00bb1_3&#8243; module_id=\u00bbjazzClick\u00bb module_class=\u00bblandingHover\u00bb background_color=\u00bb#ae8ca3&#8243; custom_padding__hover=\u00bb|||\u00bb custom_padding=\u00bb|||\u00bb][et_pb_image _builder_version=\u00bb3.12&#8243; src=\u00bbhttps:\/\/www.min-on.org\/es\/wp-content\/uploads\/sites\/4\/2011\/09\/boxes-image-jazz-e1529924245739.jpg\u00bb align=\u00bbcenter\u00bb force_fullwidth=\u00bbon\u00bb show_bottom_space=\u00bboff\u00bb align_last_edited=\u00bbon|desktop\u00bb align_tablet=\u00bbcenter\u00bb \/][et_pb_text _builder_version=\u00bb3.15&#8243; text_orientation=\u00bbleft\u00bb]<\/p>\n<h3 style=\"color: white; padding-top: 5%; padding-bottom: 5%; text-align: center;\">Jazz <br \/>y Pop<\/h3>\n<p>[\/et_pb_text][\/et_pb_column][\/et_pb_row][et_pb_row _builder_version=\u00bb3.12&#8243; module_id=\u00bbtrialHover2&#8243; width=\u00bb80%\u00bb max_width=\u00bb1080px\u00bb][et_pb_column type=\u00bb1_3&#8243; module_id=\u00bbfolkClick\u00bb module_class=\u00bblandingHover\u00bb background_color=\u00bb#ae8ca3&#8243; custom_padding__hover=\u00bb|||\u00bb custom_padding=\u00bb|||\u00bb][et_pb_image _builder_version=\u00bb3.12&#8243; src=\u00bbhttps:\/\/www.min-on.org\/es\/wp-content\/uploads\/sites\/4\/2018\/08\/Musical-Voyage-Along-the-Marine-Road-1.jpg\u00bb align=\u00bbcenter\u00bb force_fullwidth=\u00bbon\u00bb show_bottom_space=\u00bboff\u00bb align_last_edited=\u00bbon|desktop\u00bb align_tablet=\u00bbcenter\u00bb \/][et_pb_text _builder_version=\u00bb3.15&#8243; text_orientation=\u00bbleft\u00bb]<\/p>\n<h3 style=\"color: white; padding-top: 5%; padding-bottom: 5%; text-align: center;\">M\u00fasica y Danzas <br \/>Folkl\u00f3ricas del Mundo<\/h3>\n<p>[\/et_pb_text][\/et_pb_column][et_pb_column type=\u00bb1_3&#8243; module_id=\u00bbjapaneseClick\u00bb module_class=\u00bblandingHover\u00bb background_color=\u00bb#ae8ca3&#8243; custom_padding__hover=\u00bb|||\u00bb custom_padding=\u00bb|||\u00bb][et_pb_image _builder_version=\u00bb3.7&#8243; src=\u00bbhttps:\/\/www.min-on.org\/es\/wp-content\/uploads\/sites\/4\/2011\/09\/boxes-image-japanese-e1529924264750.jpg\u00bb align=\u00bbcenter\u00bb force_fullwidth=\u00bbon\u00bb show_bottom_space=\u00bboff\u00bb align_last_edited=\u00bbon|desktop\u00bb align_tablet=\u00bbcenter\u00bb \/][et_pb_text _builder_version=\u00bb3.15&#8243; text_orientation=\u00bbleft\u00bb]<\/p>\n<h3 style=\"color: white; padding-top: 5%; padding-bottom: 5%; text-align: center;\">Ciclo de Artes<br \/> Japonesas<\/h3>\n<p>[\/et_pb_text][\/et_pb_column][et_pb_column type=\u00bb1_3&#8243; module_id=\u00bbindependentClick\u00bb module_class=\u00bblandingHover\u00bb background_color=\u00bb#ae8ca3&#8243; custom_padding__hover=\u00bb|||\u00bb custom_padding=\u00bb|||\u00bb][et_pb_image _builder_version=\u00bb3.7&#8243; src=\u00bbhttps:\/\/www.min-on.org\/es\/wp-content\/uploads\/sites\/4\/2011\/09\/boxes-image-independent-e1529924285629.jpg\u00bb align=\u00bbcenter\u00bb force_fullwidth=\u00bbon\u00bb show_bottom_space=\u00bboff\u00bb align_last_edited=\u00bbon|desktop\u00bb align_tablet=\u00bbcenter\u00bb \/][et_pb_text _builder_version=\u00bb3.15&#8243; text_orientation=\u00bbleft\u00bb]<\/p>\n<h3 style=\"color: white; padding-top: 5%; padding-bottom: 5%; text-align: center;\">Producciones<br \/> independientes<\/h3>\n<p>[\/et_pb_text][\/et_pb_column][\/et_pb_row][\/et_pb_section][et_pb_section bb_built=\u00bb1&#8243; fullwidth=\u00bboff\u00bb specialty=\u00bboff\u00bb prev_background_color=\u00bb#000000&#8243;][et_pb_row][et_pb_column type=\u00bb4_4&#8243;][et_pb_code _builder_version=\u00bb3.12&#8243; width=\u00bb80%\u00bb max_width=\u00bb1080px\u00bb text_orientation=\u00bbleft\u00bb]<script><!-- [et_pb_line_break_holder] -->$(\"#operaClick\").click(function(){<!-- [et_pb_line_break_holder] -->     window.location = \"https:\/\/www.min-on.org\/es\/opera\/\";<!-- [et_pb_line_break_holder] -->});<!-- [et_pb_line_break_holder] --><!-- [et_pb_line_break_holder] -->$(\"#balletClick\").click(function(){<!-- [et_pb_line_break_holder] -->     window.location = \"https:\/\/www.min-on.org\/es\/ballet\/\";<!-- [et_pb_line_break_holder] -->});<!-- [et_pb_line_break_holder] --><!-- [et_pb_line_break_holder] -->$(\"#orchestralClick\").click(function(){<!-- [et_pb_line_break_holder] -->     window.location = \"https:\/\/www.min-on.org\/es\/orchestral\/\";<!-- [et_pb_line_break_holder] -->});<!-- [et_pb_line_break_holder] --><!-- [et_pb_line_break_holder] -->$(\"#choralClick\").click(function(){<!-- [et_pb_line_break_holder] -->     window.location = \"https:\/\/www.min-on.org\/es\/choral-music\/\";<!-- [et_pb_line_break_holder] -->});<!-- [et_pb_line_break_holder] --><!-- [et_pb_line_break_holder] -->$(\"#folkClick\").click(function(){<!-- [et_pb_line_break_holder] -->     window.location = \"https:\/\/www.min-on.org\/es\/folk-music-and-dance\/\";<!-- [et_pb_line_break_holder] -->});<!-- [et_pb_line_break_holder] --><!-- [et_pb_line_break_holder] -->$(\"#latinClick\").click(function(){<!-- [et_pb_line_break_holder] -->     window.location = \"https:\/\/www.min-on.org\/es\/latin-tango\/\";<!-- [et_pb_line_break_holder] -->});<!-- [et_pb_line_break_holder] --><!-- [et_pb_line_break_holder] -->$(\"#jazzClick\").click(function(){<!-- [et_pb_line_break_holder] -->     window.location = \"https:\/\/www.min-on.org\/es\/jazz-popular\/\";<!-- [et_pb_line_break_holder] -->});<!-- [et_pb_line_break_holder] --><!-- [et_pb_line_break_holder] -->$(\"#japaneseClick\").click(function(){<!-- [et_pb_line_break_holder] -->     window.location = \"https:\/\/www.min-on.org\/es\/japanese-arts\/\";<!-- [et_pb_line_break_holder] -->});<!-- [et_pb_line_break_holder] --><!-- [et_pb_line_break_holder] -->$(\"#independentClick\").click(function(){<!-- [et_pb_line_break_holder] -->     window.location = \"https:\/\/www.min-on.org\/es\/independent-productions\/\";<!-- [et_pb_line_break_holder] -->});<!-- [et_pb_line_break_holder] --><\/script>[\/et_pb_code][\/et_pb_column][\/et_pb_row][\/et_pb_section]<\/p>\n","protected":false},"excerpt":{"rendered":"<p>Arte esc\u00e9nico El prop\u00f3sito de Min-On es acercar la m\u00fasica de calidad \u2014cl\u00e1sica o moderna, tradicional o popular\u2014 a la mayor cantidad posible de mel\u00f3manos. Arte esc\u00e9nico El prop\u00f3sito de Min-On es acercar la m\u00fasica de calidad \u2014cl\u00e1sica o moderna, tradicional o popular\u2014 a la mayor cantidad posible de mel\u00f3manos. <div class=\"et_pb_row et_pb_row_0 et_pb_row_empty\">\n\t\t\t\t\n\t\t\t\t\n\t\t\t\t\n\t\t\t\t\n\t\t\t\t\n\t\t\t<\/div> \u00abSi, en la transici\u00f3n [&hellip;]<\/p>\n","protected":false},"author":1,"featured_media":0,"parent":0,"menu_order":0,"comment_status":"closed","ping_status":"closed","template":"","meta":{"_et_pb_use_builder":"on","_et_pb_old_content":"","_et_gb_content_width":"","footnotes":""},"categories":[],"tags":[],"distributor_meta":false,"distributor_terms":false,"distributor_media":false,"distributor_original_site_name":"Spanish - Min-On Website","distributor_original_site_url":"https:\/\/www.min-on.org\/es","_links":{"self":[{"href":"https:\/\/www.min-on.org\/es\/wp-json\/wp\/v2\/pages\/2590"}],"collection":[{"href":"https:\/\/www.min-on.org\/es\/wp-json\/wp\/v2\/pages"}],"about":[{"href":"https:\/\/www.min-on.org\/es\/wp-json\/wp\/v2\/types\/page"}],"author":[{"embeddable":true,"href":"https:\/\/www.min-on.org\/es\/wp-json\/wp\/v2\/users\/1"}],"replies":[{"embeddable":true,"href":"https:\/\/www.min-on.org\/es\/wp-json\/wp\/v2\/comments?post=2590"}],"version-history":[{"count":56,"href":"https:\/\/www.min-on.org\/es\/wp-json\/wp\/v2\/pages\/2590\/revisions"}],"predecessor-version":[{"id":13956,"href":"https:\/\/www.min-on.org\/es\/wp-json\/wp\/v2\/pages\/2590\/revisions\/13956"}],"wp:attachment":[{"href":"https:\/\/www.min-on.org\/es\/wp-json\/wp\/v2\/media?parent=2590"}],"wp:term":[{"taxonomy":"category","embeddable":true,"href":"https:\/\/www.min-on.org\/es\/wp-json\/wp\/v2\/categories?post=2590"},{"taxonomy":"post_tag","embeddable":true,"href":"https:\/\/www.min-on.org\/es\/wp-json\/wp\/v2\/tags?post=2590"}],"curies":[{"name":"wp","href":"https:\/\/api.w.org\/{rel}","templated":true}]}}